{"id":737,"date":"2023-07-14T10:31:45","date_gmt":"2023-07-14T10:31:45","guid":{"rendered":"https:\/\/www.hotel-astra.cz\/?page_id=737"},"modified":"2025-10-22T07:09:24","modified_gmt":"2025-10-22T07:09:24","slug":"apartament-comfort-z-balkonikiem","status":"publish","type":"page","link":"https:\/\/www.hotel-astra.cz\/pl\/nase-pokoje\/apartament-comfort-z-balkonikiem\/","title":{"rendered":"Apartament Comfort z balkonikiem"},"content":{"rendered":"<p style=\"text-align: center\"><strong>Apartament z ma\u0142ym balkonikiem<\/strong> dysponuje dwiema po\u0142\u0105czonymi sypialniami pro 2-5 osob. Ka\u017cda z nich jest wyposa\u017cona w ma\u0142\u017ce\u0144skie \u0142o\u017ce, a w jednej z nich jest dodatkowo dostawka.<\/p>\n<p>\u0141\u00f3\u017cka nie mog\u0105 by\u0107 dzielone.<\/p>\n<p><strong>Udogodnienia w pokoju:<\/strong><\/p>\n<ul>\n<li>Widok na przyrod\u0119 w Szpindlerowym M\u0142ynie<\/li>\n<li>\u0141azienka z prysznicem i suszark\u0105 do w\u0142os\u00f3w, szlafrok<\/li>\n<li>Zestaw do parzenia kawy i herbaty<\/li>\n<li>Lod\u00f3wka<\/li>\n<li>Telewizor LED z telewizj\u0105 satelitarn\u0105<\/li>\n<li>Sejf<\/li>\n<li>Balkonik<\/li>\n<li>Bezp\u0142atny bezprzewodowy dost\u0119p do Internetu<\/li>\n<\/ul>\n","protected":false},"excerpt":{"rendered":"<p>Apartament z ma\u0142ym balkonikiem dysponuje dwiema po\u0142\u0105czonymi sypialniami pro 2-5 osob. Ka\u017cda z nich jest wyposa\u017cona w ma\u0142\u017ce\u0144skie \u0142o\u017ce, a w jednej z nich jest dodatkowo dostawka. \u0141\u00f3\u017cka nie mog\u0105 by\u0107 dzielone. Udogodnienia w pokoju: Widok na przyrod\u0119 w Szpindlerowym M\u0142ynie \u0141azienka z prysznicem i suszark\u0105 do w\u0142os\u00f3w, szlafrok Zestaw do parzenia kawy i herbaty [&hellip;]<\/p>\n","protected":false},"author":556,"featured_media":0,"parent":522,"menu_order":0,"comment_status":"closed","ping_status":"closed","template":"template-single-room.php","meta":{"footnotes":""},"class_list":["post-737","page","type-page","status-publish","hentry"],"yoast_head":"<!-- This site is optimized with the Yoast SEO plugin v26.9 - https:\/\/yoast.com\/product\/yoast-seo-wordpress\/ -->\n<title>Apartament Comfort z balkonikiem &#8212; Wellness Hotel Astra &#8212;<\/title>\n<meta name=\"description\" content=\"Apartament z ma\u0142ym balkonikiem dysponuje dwiema po\u0142\u0105czonymi sypialniami pro 2-5 osob. Ka\u017cda z nich jest wyposa\u017cona w ma\u0142\u017ce\u0144skie \u0142o\u017ce, a w jednej z nich jest dodatkowo dostawka. \u0141\u00f3\u017cka nie mog\u0105 by\u0107 dzielone.  Udogodnienia w pokoju:   Widok na przyrod\u0119 w Szpindlerowym M\u0142ynie  \u0141azienka z prysznicem i suszark\u0105 do w\u0142os\u00f3w, szlafrok  Zestaw do parzenia kawy i herbaty  Lod\u00f3wka  Telewizor LED z telewizj\u0105 satelitarn\u0105  Sejf  Balkonik  Bezp\u0142atny bezprzewodowy dost\u0119p do Internetu\" \/>\n<meta name=\"robots\" content=\"index, follow, max-snippet:-1, max-image-preview:large, max-video-preview:-1\" \/>\n<link rel=\"canonical\" href=\"https:\/\/www.hotel-astra.cz\/pl\/nase-pokoje\/apartament-comfort-z-balkonikiem\/\" \/>\n<meta property=\"og:locale\" content=\"pl_PL\" \/>\n<meta property=\"og:type\" content=\"article\" \/>\n<meta property=\"og:title\" content=\"Apartament Comfort z balkonikiem &#8212; Wellness Hotel Astra &#8212;\" \/>\n<meta property=\"og:description\" content=\"Apartament z ma\u0142ym balkonikiem dysponuje dwiema po\u0142\u0105czonymi sypialniami pro 2-5 osob. Ka\u017cda z nich jest wyposa\u017cona w ma\u0142\u017ce\u0144skie \u0142o\u017ce, a w jednej z nich jest dodatkowo dostawka. \u0141\u00f3\u017cka nie mog\u0105 by\u0107 dzielone.  Udogodnienia w pokoju:   Widok na przyrod\u0119 w Szpindlerowym M\u0142ynie  \u0141azienka z prysznicem i suszark\u0105 do w\u0142os\u00f3w, szlafrok  Zestaw do parzenia kawy i herbaty  Lod\u00f3wka  Telewizor LED z telewizj\u0105 satelitarn\u0105  Sejf  Balkonik  Bezp\u0142atny bezprzewodowy dost\u0119p do Internetu\" \/>\n<meta property=\"og:url\" content=\"https:\/\/www.hotel-astra.cz\/pl\/nase-pokoje\/apartament-comfort-z-balkonikiem\/\" \/>\n<meta property=\"og:site_name\" content=\"Wellness Hotel Astra\" \/>\n<meta property=\"article:modified_time\" content=\"2025-10-22T07:09:24+00:00\" \/>\n<meta name=\"twitter:card\" content=\"summary_large_image\" \/>\n<meta name=\"twitter:label1\" content=\"Szacowany czas czytania\" \/>\n\t<meta name=\"twitter:data1\" content=\"1 minuta\" \/>\n<script type=\"application\/ld+json\" class=\"yoast-schema-graph\">{\"@context\":\"https:\/\/schema.org\",\"@graph\":[{\"@type\":\"WebPage\",\"@id\":\"https:\/\/www.hotel-astra.cz\/pl\/nase-pokoje\/apartament-comfort-z-balkonikiem\/\",\"url\":\"https:\/\/www.hotel-astra.cz\/pl\/nase-pokoje\/apartament-comfort-z-balkonikiem\/\",\"name\":\"Apartament Comfort z balkonikiem &#8212; Wellness Hotel Astra &#8212;\",\"isPartOf\":{\"@id\":\"https:\/\/www.hotel-astra.cz\/pl\/#website\"},\"datePublished\":\"2023-07-14T10:31:45+00:00\",\"dateModified\":\"2025-10-22T07:09:24+00:00\",\"description\":\"Apartament z ma\u0142ym balkonikiem dysponuje dwiema po\u0142\u0105czonymi sypialniami pro 2-5 osob. Ka\u017cda z nich jest wyposa\u017cona w ma\u0142\u017ce\u0144skie \u0142o\u017ce, a w jednej z nich jest dodatkowo dostawka. \u0141\u00f3\u017cka nie mog\u0105 by\u0107 dzielone. Udogodnienia w pokoju: \u2022 Widok na przyrod\u0119 w Szpindlerowym M\u0142ynie \u2022 \u0141azienka z prysznicem i suszark\u0105 do w\u0142os\u00f3w, szlafrok \u2022 Zestaw do parzenia kawy i herbaty \u2022 Lod\u00f3wka \u2022 Telewizor LED z telewizj\u0105 satelitarn\u0105 \u2022 Sejf \u2022 Balkonik \u2022 Bezp\u0142atny bezprzewodowy dost\u0119p do Internetu\",\"breadcrumb\":{\"@id\":\"https:\/\/www.hotel-astra.cz\/pl\/nase-pokoje\/apartament-comfort-z-balkonikiem\/#breadcrumb\"},\"inLanguage\":\"pl-PL\",\"potentialAction\":[{\"@type\":\"ReadAction\",\"target\":[\"https:\/\/www.hotel-astra.cz\/pl\/nase-pokoje\/apartament-comfort-z-balkonikiem\/\"]}]},{\"@type\":\"BreadcrumbList\",\"@id\":\"https:\/\/www.hotel-astra.cz\/pl\/nase-pokoje\/apartament-comfort-z-balkonikiem\/#breadcrumb\",\"itemListElement\":[{\"@type\":\"ListItem\",\"position\":1,\"name\":\"Home\",\"item\":\"https:\/\/www.hotel-astra.cz\/pl\/\"},{\"@type\":\"ListItem\",\"position\":2,\"name\":\"Nasze pokoje\",\"item\":\"https:\/\/www.hotel-astra.cz\/pl\/nase-pokoje\/\"},{\"@type\":\"ListItem\",\"position\":3,\"name\":\"Apartament Comfort z balkonikiem\"}]},{\"@type\":\"WebSite\",\"@id\":\"https:\/\/www.hotel-astra.cz\/pl\/#website\",\"url\":\"https:\/\/www.hotel-astra.cz\/pl\/\",\"name\":\"Wellness Hotel Astra\",\"description\":\"Just another ms.decms.eu site\",\"potentialAction\":[{\"@type\":\"SearchAction\",\"target\":{\"@type\":\"EntryPoint\",\"urlTemplate\":\"https:\/\/www.hotel-astra.cz\/pl\/?s={search_term_string}\"},\"query-input\":{\"@type\":\"PropertyValueSpecification\",\"valueRequired\":true,\"valueName\":\"search_term_string\"}}],\"inLanguage\":\"pl-PL\"}]}<\/script>\n<!-- \/ Yoast SEO plugin. -->","yoast_head_json":{"title":"Apartament Comfort z balkonikiem &#8212; Wellness Hotel Astra &#8212;","description":"Apartament z ma\u0142ym balkonikiem dysponuje dwiema po\u0142\u0105czonymi sypialniami pro 2-5 osob. Ka\u017cda z nich jest wyposa\u017cona w ma\u0142\u017ce\u0144skie \u0142o\u017ce, a w jednej z nich jest dodatkowo dostawka. \u0141\u00f3\u017cka nie mog\u0105 by\u0107 dzielone.  Udogodnienia w pokoju:   Widok na przyrod\u0119 w Szpindlerowym M\u0142ynie  \u0141azienka z prysznicem i suszark\u0105 do w\u0142os\u00f3w, szlafrok  Zestaw do parzenia kawy i herbaty  Lod\u00f3wka  Telewizor LED z telewizj\u0105 satelitarn\u0105  Sejf  Balkonik  Bezp\u0142atny bezprzewodowy dost\u0119p do Internetu","robots":{"index":"index","follow":"follow","max-snippet":"max-snippet:-1","max-image-preview":"max-image-preview:large","max-video-preview":"max-video-preview:-1"},"canonical":"https:\/\/www.hotel-astra.cz\/pl\/nase-pokoje\/apartament-comfort-z-balkonikiem\/","og_locale":"pl_PL","og_type":"article","og_title":"Apartament Comfort z balkonikiem &#8212; Wellness Hotel Astra &#8212;","og_description":"Apartament z ma\u0142ym balkonikiem dysponuje dwiema po\u0142\u0105czonymi sypialniami pro 2-5 osob. Ka\u017cda z nich jest wyposa\u017cona w ma\u0142\u017ce\u0144skie \u0142o\u017ce, a w jednej z nich jest dodatkowo dostawka. \u0141\u00f3\u017cka nie mog\u0105 by\u0107 dzielone.  Udogodnienia w pokoju:   Widok na przyrod\u0119 w Szpindlerowym M\u0142ynie  \u0141azienka z prysznicem i suszark\u0105 do w\u0142os\u00f3w, szlafrok  Zestaw do parzenia kawy i herbaty  Lod\u00f3wka  Telewizor LED z telewizj\u0105 satelitarn\u0105  Sejf  Balkonik  Bezp\u0142atny bezprzewodowy dost\u0119p do Internetu","og_url":"https:\/\/www.hotel-astra.cz\/pl\/nase-pokoje\/apartament-comfort-z-balkonikiem\/","og_site_name":"Wellness Hotel Astra","article_modified_time":"2025-10-22T07:09:24+00:00","twitter_card":"summary_large_image","twitter_misc":{"Szacowany czas czytania":"1 minuta"},"schema":{"@context":"https:\/\/schema.org","@graph":[{"@type":"WebPage","@id":"https:\/\/www.hotel-astra.cz\/pl\/nase-pokoje\/apartament-comfort-z-balkonikiem\/","url":"https:\/\/www.hotel-astra.cz\/pl\/nase-pokoje\/apartament-comfort-z-balkonikiem\/","name":"Apartament Comfort z balkonikiem &#8212; Wellness Hotel Astra &#8212;","isPartOf":{"@id":"https:\/\/www.hotel-astra.cz\/pl\/#website"},"datePublished":"2023-07-14T10:31:45+00:00","dateModified":"2025-10-22T07:09:24+00:00","description":"Apartament z ma\u0142ym balkonikiem dysponuje dwiema po\u0142\u0105czonymi sypialniami pro 2-5 osob. Ka\u017cda z nich jest wyposa\u017cona w ma\u0142\u017ce\u0144skie \u0142o\u017ce, a w jednej z nich jest dodatkowo dostawka. \u0141\u00f3\u017cka nie mog\u0105 by\u0107 dzielone. Udogodnienia w pokoju: \u2022 Widok na przyrod\u0119 w Szpindlerowym M\u0142ynie \u2022 \u0141azienka z prysznicem i suszark\u0105 do w\u0142os\u00f3w, szlafrok \u2022 Zestaw do parzenia kawy i herbaty \u2022 Lod\u00f3wka \u2022 Telewizor LED z telewizj\u0105 satelitarn\u0105 \u2022 Sejf \u2022 Balkonik \u2022 Bezp\u0142atny bezprzewodowy dost\u0119p do Internetu","breadcrumb":{"@id":"https:\/\/www.hotel-astra.cz\/pl\/nase-pokoje\/apartament-comfort-z-balkonikiem\/#breadcrumb"},"inLanguage":"pl-PL","potentialAction":[{"@type":"ReadAction","target":["https:\/\/www.hotel-astra.cz\/pl\/nase-pokoje\/apartament-comfort-z-balkonikiem\/"]}]},{"@type":"BreadcrumbList","@id":"https:\/\/www.hotel-astra.cz\/pl\/nase-pokoje\/apartament-comfort-z-balkonikiem\/#breadcrumb","itemListElement":[{"@type":"ListItem","position":1,"name":"Home","item":"https:\/\/www.hotel-astra.cz\/pl\/"},{"@type":"ListItem","position":2,"name":"Nasze pokoje","item":"https:\/\/www.hotel-astra.cz\/pl\/nase-pokoje\/"},{"@type":"ListItem","position":3,"name":"Apartament Comfort z balkonikiem"}]},{"@type":"WebSite","@id":"https:\/\/www.hotel-astra.cz\/pl\/#website","url":"https:\/\/www.hotel-astra.cz\/pl\/","name":"Wellness Hotel Astra","description":"Just another ms.decms.eu site","potentialAction":[{"@type":"SearchAction","target":{"@type":"EntryPoint","urlTemplate":"https:\/\/www.hotel-astra.cz\/pl\/?s={search_term_string}"},"query-input":{"@type":"PropertyValueSpecification","valueRequired":true,"valueName":"search_term_string"}}],"inLanguage":"pl-PL"}]}},"acf":[],"_links":{"self":[{"href":"https:\/\/www.hotel-astra.cz\/pl\/wp-json\/wp\/v2\/pages\/737","targetHints":{"allow":["GET"]}}],"collection":[{"href":"https:\/\/www.hotel-astra.cz\/pl\/wp-json\/wp\/v2\/pages"}],"about":[{"href":"https:\/\/www.hotel-astra.cz\/pl\/wp-json\/wp\/v2\/types\/page"}],"author":[{"embeddable":true,"href":"https:\/\/www.hotel-astra.cz\/pl\/wp-json\/wp\/v2\/users\/556"}],"replies":[{"embeddable":true,"href":"https:\/\/www.hotel-astra.cz\/pl\/wp-json\/wp\/v2\/comments?post=737"}],"version-history":[{"count":0,"href":"https:\/\/www.hotel-astra.cz\/pl\/wp-json\/wp\/v2\/pages\/737\/revisions"}],"up":[{"embeddable":true,"href":"https:\/\/www.hotel-astra.cz\/pl\/wp-json\/wp\/v2\/pages\/522"}],"wp:attachment":[{"href":"https:\/\/www.hotel-astra.cz\/pl\/wp-json\/wp\/v2\/media?parent=737"}],"curies":[{"name":"wp","href":"https:\/\/api.w.org\/{rel}","templated":true}]}}