{"id":662,"date":"2023-02-22T07:37:37","date_gmt":"2023-02-22T07:37:37","guid":{"rendered":"https:\/\/www.hotel-astra.cz\/lanovky-zdarma\/"},"modified":"2026-04-13T09:22:08","modified_gmt":"2026-04-13T09:22:08","slug":"lanovky-zdarma","status":"publish","type":"page","link":"https:\/\/www.hotel-astra.cz\/pl\/lanovky-zdarma\/","title":{"rendered":"Darmowe bilety linowe"},"content":{"rendered":"<p>&nbsp;<\/p>\n<h4 style=\"text-align: center\"><strong>Zosta\u0144 z nami i otrzymaj darmowy bilet powrotny na ka\u017cd\u0105 noc pobytu w sezonie letnim 2025.<\/strong><\/h4>\n<p style=\"text-align: center\">Ka\u017cdemu go\u015bciowi przys\u0142uguje darmowy bilet powrotny na ka\u017cd\u0105 noc zarezerwowan\u0105 za po\u015brednictwem naszej strony internetowej.<\/p>\n<p style=\"text-align: center\">Okres obowi\u0105zywania darmowego biletu ustalony jest od lipca do pa\u017adziernika. Priorytetowym interesem o\u015brodka jest zapewnienie funkcjonowania jednej lub drugiej kolejki linowej przez ca\u0142y sezon od maja do pa\u017adziernika, jak to mia\u0142o miejsce dotychczas. Ze wzgl\u0119du na warunki klimatyczne, pogodowe i ewentualne przestoje techniczne, O\u015brodek Narciarski musi mie\u0107 mo\u017cliwo\u015b\u0107 regulowania dzia\u0142ania kolei linowych w zale\u017cno\u015bci od tych czynnik\u00f3w.<\/p>\n<p style=\"text-align: center\"><strong>Je\u015bli kolejka linowa dzia\u0142a w maju lub czerwcu, promocja darmowej kolejki linowej obowi\u0105zuje r\u00f3wnie\u017c w tych miesi\u0105cach.<\/strong><\/p>\n<p style=\"text-align: center\"><strong>Je\u015bli chcesz, aby bilety na wyci\u0105gi by\u0142y wydawane przez recepcj\u0119 naszego hotelu, musisz post\u0119powa\u0107 w nast\u0119puj\u0105cy spos\u00f3b:<\/strong><\/p>\n<p style=\"text-align: center\"><strong>Posiadasz ju\u017c rejestracj\u0119 GoPass \u2192<\/strong> Zabierz ze sob\u0105 sw\u00f3j GoPass \u2192 W recepcji do\u0142adujemy Twoje kolejki linowe<\/p>\n<p style=\"text-align: center\"><strong>Nie jeste\u015b jeszcze zarejestrowany w GoPass\u2192<\/strong> zarejestruj si\u0119 na stronie <a href=\"https:\/\/www.gopass.travel\/PL\/homepage?category=ski\">www.gopass.cz<\/a> \u2192 do\u0142adujemy Twoje kolejki w recepcji<\/p>\n<p style=\"text-align: center\">Niewykorzystanych bilet\u00f3w (r\u00f3wnie\u017c z powodu zamkni\u0119cia wyci\u0105g\u00f3w) nie mo\u017cna zwr\u00f3ci\u0107, wymieni\u0107 na ekwiwalent pieni\u0119\u017cny ani wykorzysta\u0107 poza terminami pobytu.<\/p>\n<p>&nbsp;<\/p>\n","protected":false},"excerpt":{"rendered":"<p>&nbsp; Zosta\u0144 z nami i otrzymaj darmowy bilet powrotny na ka\u017cd\u0105 noc pobytu w sezonie letnim 2025. Ka\u017cdemu go\u015bciowi przys\u0142uguje darmowy bilet powrotny na ka\u017cd\u0105 noc zarezerwowan\u0105 za po\u015brednictwem naszej strony internetowej. Okres obowi\u0105zywania darmowego biletu ustalony jest od lipca do pa\u017adziernika. Priorytetowym interesem o\u015brodka jest zapewnienie funkcjonowania jednej lub drugiej kolejki linowej przez ca\u0142y [&hellip;]<\/p>\n","protected":false},"author":556,"featured_media":0,"parent":0,"menu_order":4,"comment_status":"closed","ping_status":"closed","template":"","meta":{"footnotes":""},"class_list":["post-662","page","type-page","status-publish","hentry"],"yoast_head":"<!-- This site is optimized with the Yoast SEO plugin v26.9 - https:\/\/yoast.com\/product\/yoast-seo-wordpress\/ -->\n<title>Darmowe bilety linowe &#8212; Wellness Hotel Astra &#8212;<\/title>\n<meta name=\"description\" content=\"Zatrzymaj si\u0119 u nas ve Wellness Hotel Astra i otrzymaj darmowy bilet na ka\u017cd\u0105 noc pobytu w sezonie letnim 2025.\" \/>\n<meta name=\"robots\" content=\"index, follow, max-snippet:-1, max-image-preview:large, max-video-preview:-1\" \/>\n<link rel=\"canonical\" href=\"https:\/\/www.hotel-astra.cz\/pl\/lanovky-zdarma\/\" \/>\n<meta property=\"og:locale\" content=\"pl_PL\" \/>\n<meta property=\"og:type\" content=\"article\" \/>\n<meta property=\"og:title\" content=\"Darmowe bilety linowe &#8212; Wellness Hotel Astra &#8212;\" \/>\n<meta property=\"og:description\" content=\"Zatrzymaj si\u0119 u nas ve Wellness Hotel Astra i otrzymaj darmowy bilet na ka\u017cd\u0105 noc pobytu w sezonie letnim 2025.\" \/>\n<meta property=\"og:url\" content=\"https:\/\/www.hotel-astra.cz\/pl\/lanovky-zdarma\/\" \/>\n<meta property=\"og:site_name\" content=\"Wellness Hotel Astra\" \/>\n<meta property=\"article:modified_time\" content=\"2026-04-13T09:22:08+00:00\" \/>\n<meta name=\"twitter:card\" content=\"summary_large_image\" \/>\n<meta name=\"twitter:label1\" content=\"Szacowany czas czytania\" \/>\n\t<meta name=\"twitter:data1\" content=\"1 minuta\" \/>\n<script type=\"application\/ld+json\" class=\"yoast-schema-graph\">{\"@context\":\"https:\/\/schema.org\",\"@graph\":[{\"@type\":\"WebPage\",\"@id\":\"https:\/\/www.hotel-astra.cz\/pl\/lanovky-zdarma\/\",\"url\":\"https:\/\/www.hotel-astra.cz\/pl\/lanovky-zdarma\/\",\"name\":\"Darmowe bilety linowe &#8212; Wellness Hotel Astra &#8212;\",\"isPartOf\":{\"@id\":\"https:\/\/www.hotel-astra.cz\/pl\/#website\"},\"datePublished\":\"2023-02-22T07:37:37+00:00\",\"dateModified\":\"2026-04-13T09:22:08+00:00\",\"description\":\"Zatrzymaj si\u0119 u nas ve Wellness Hotel Astra i otrzymaj darmowy bilet na ka\u017cd\u0105 noc pobytu w sezonie letnim 2025.\",\"breadcrumb\":{\"@id\":\"https:\/\/www.hotel-astra.cz\/pl\/lanovky-zdarma\/#breadcrumb\"},\"inLanguage\":\"pl-PL\",\"potentialAction\":[{\"@type\":\"ReadAction\",\"target\":[\"https:\/\/www.hotel-astra.cz\/pl\/lanovky-zdarma\/\"]}]},{\"@type\":\"BreadcrumbList\",\"@id\":\"https:\/\/www.hotel-astra.cz\/pl\/lanovky-zdarma\/#breadcrumb\",\"itemListElement\":[{\"@type\":\"ListItem\",\"position\":1,\"name\":\"Home\",\"item\":\"https:\/\/www.hotel-astra.cz\/pl\/\"},{\"@type\":\"ListItem\",\"position\":2,\"name\":\"Darmowe bilety linowe\"}]},{\"@type\":\"WebSite\",\"@id\":\"https:\/\/www.hotel-astra.cz\/pl\/#website\",\"url\":\"https:\/\/www.hotel-astra.cz\/pl\/\",\"name\":\"Wellness Hotel Astra\",\"description\":\"Just another ms.decms.eu site\",\"potentialAction\":[{\"@type\":\"SearchAction\",\"target\":{\"@type\":\"EntryPoint\",\"urlTemplate\":\"https:\/\/www.hotel-astra.cz\/pl\/?s={search_term_string}\"},\"query-input\":{\"@type\":\"PropertyValueSpecification\",\"valueRequired\":true,\"valueName\":\"search_term_string\"}}],\"inLanguage\":\"pl-PL\"}]}<\/script>\n<!-- \/ Yoast SEO plugin. -->","yoast_head_json":{"title":"Darmowe bilety linowe &#8212; Wellness Hotel Astra &#8212;","description":"Zatrzymaj si\u0119 u nas ve Wellness Hotel Astra i otrzymaj darmowy bilet na ka\u017cd\u0105 noc pobytu w sezonie letnim 2025.","robots":{"index":"index","follow":"follow","max-snippet":"max-snippet:-1","max-image-preview":"max-image-preview:large","max-video-preview":"max-video-preview:-1"},"canonical":"https:\/\/www.hotel-astra.cz\/pl\/lanovky-zdarma\/","og_locale":"pl_PL","og_type":"article","og_title":"Darmowe bilety linowe &#8212; Wellness Hotel Astra &#8212;","og_description":"Zatrzymaj si\u0119 u nas ve Wellness Hotel Astra i otrzymaj darmowy bilet na ka\u017cd\u0105 noc pobytu w sezonie letnim 2025.","og_url":"https:\/\/www.hotel-astra.cz\/pl\/lanovky-zdarma\/","og_site_name":"Wellness Hotel Astra","article_modified_time":"2026-04-13T09:22:08+00:00","twitter_card":"summary_large_image","twitter_misc":{"Szacowany czas czytania":"1 minuta"},"schema":{"@context":"https:\/\/schema.org","@graph":[{"@type":"WebPage","@id":"https:\/\/www.hotel-astra.cz\/pl\/lanovky-zdarma\/","url":"https:\/\/www.hotel-astra.cz\/pl\/lanovky-zdarma\/","name":"Darmowe bilety linowe &#8212; Wellness Hotel Astra &#8212;","isPartOf":{"@id":"https:\/\/www.hotel-astra.cz\/pl\/#website"},"datePublished":"2023-02-22T07:37:37+00:00","dateModified":"2026-04-13T09:22:08+00:00","description":"Zatrzymaj si\u0119 u nas ve Wellness Hotel Astra i otrzymaj darmowy bilet na ka\u017cd\u0105 noc pobytu w sezonie letnim 2025.","breadcrumb":{"@id":"https:\/\/www.hotel-astra.cz\/pl\/lanovky-zdarma\/#breadcrumb"},"inLanguage":"pl-PL","potentialAction":[{"@type":"ReadAction","target":["https:\/\/www.hotel-astra.cz\/pl\/lanovky-zdarma\/"]}]},{"@type":"BreadcrumbList","@id":"https:\/\/www.hotel-astra.cz\/pl\/lanovky-zdarma\/#breadcrumb","itemListElement":[{"@type":"ListItem","position":1,"name":"Home","item":"https:\/\/www.hotel-astra.cz\/pl\/"},{"@type":"ListItem","position":2,"name":"Darmowe bilety linowe"}]},{"@type":"WebSite","@id":"https:\/\/www.hotel-astra.cz\/pl\/#website","url":"https:\/\/www.hotel-astra.cz\/pl\/","name":"Wellness Hotel Astra","description":"Just another ms.decms.eu site","potentialAction":[{"@type":"SearchAction","target":{"@type":"EntryPoint","urlTemplate":"https:\/\/www.hotel-astra.cz\/pl\/?s={search_term_string}"},"query-input":{"@type":"PropertyValueSpecification","valueRequired":true,"valueName":"search_term_string"}}],"inLanguage":"pl-PL"}]}},"acf":[],"_links":{"self":[{"href":"https:\/\/www.hotel-astra.cz\/pl\/wp-json\/wp\/v2\/pages\/662","targetHints":{"allow":["GET"]}}],"collection":[{"href":"https:\/\/www.hotel-astra.cz\/pl\/wp-json\/wp\/v2\/pages"}],"about":[{"href":"https:\/\/www.hotel-astra.cz\/pl\/wp-json\/wp\/v2\/types\/page"}],"author":[{"embeddable":true,"href":"https:\/\/www.hotel-astra.cz\/pl\/wp-json\/wp\/v2\/users\/556"}],"replies":[{"embeddable":true,"href":"https:\/\/www.hotel-astra.cz\/pl\/wp-json\/wp\/v2\/comments?post=662"}],"version-history":[{"count":0,"href":"https:\/\/www.hotel-astra.cz\/pl\/wp-json\/wp\/v2\/pages\/662\/revisions"}],"wp:attachment":[{"href":"https:\/\/www.hotel-astra.cz\/pl\/wp-json\/wp\/v2\/media?parent=662"}],"curies":[{"name":"wp","href":"https:\/\/api.w.org\/{rel}","templated":true}]}}