{"id":571,"date":"2022-12-09T11:45:17","date_gmt":"2022-12-09T11:45:17","guid":{"rendered":"https:\/\/wellness-hotel-astra.ms.decms.eu\/kde-nas-najdete\/"},"modified":"2022-12-27T10:33:44","modified_gmt":"2022-12-27T10:33:44","slug":"gdzie-mozna-nas-znalezc","status":"publish","type":"page","link":"https:\/\/www.hotel-astra.cz\/pl\/gdzie-mozna-nas-znalezc\/","title":{"rendered":"Gdzie mo\u017cna nas znale\u017a\u0107?"},"content":{"rendered":"","protected":false},"excerpt":{"rendered":"","protected":false},"author":7,"featured_media":0,"parent":0,"menu_order":300,"comment_status":"closed","ping_status":"closed","template":"template-location.php","meta":{"footnotes":""},"class_list":["post-571","page","type-page","status-publish","hentry"],"yoast_head":"<!-- This site is optimized with the Yoast SEO plugin v26.9 - https:\/\/yoast.com\/product\/yoast-seo-wordpress\/ -->\n<title>Gdzie mo\u017cna nas znale\u017a\u0107? &#8212; Wellness Hotel Astra &#8212;<\/title>\n<meta name=\"description\" content=\".\" \/>\n<meta name=\"robots\" content=\"index, follow, max-snippet:-1, max-image-preview:large, max-video-preview:-1\" \/>\n<link rel=\"canonical\" href=\"https:\/\/www.hotel-astra.cz\/pl\/gdzie-mozna-nas-znalezc\/\" \/>\n<meta property=\"og:locale\" content=\"pl_PL\" \/>\n<meta property=\"og:type\" content=\"article\" \/>\n<meta property=\"og:title\" content=\"Gdzie mo\u017cna nas znale\u017a\u0107? &#8212; Wellness Hotel Astra &#8212;\" \/>\n<meta property=\"og:description\" content=\".\" \/>\n<meta property=\"og:url\" content=\"https:\/\/www.hotel-astra.cz\/pl\/gdzie-mozna-nas-znalezc\/\" \/>\n<meta property=\"og:site_name\" content=\"Wellness Hotel Astra\" \/>\n<meta property=\"article:modified_time\" content=\"2022-12-27T10:33:44+00:00\" \/>\n<meta name=\"twitter:card\" content=\"summary_large_image\" \/>\n<script type=\"application\/ld+json\" class=\"yoast-schema-graph\">{\"@context\":\"https:\/\/schema.org\",\"@graph\":[{\"@type\":\"WebPage\",\"@id\":\"https:\/\/www.hotel-astra.cz\/pl\/gdzie-mozna-nas-znalezc\/\",\"url\":\"https:\/\/www.hotel-astra.cz\/pl\/gdzie-mozna-nas-znalezc\/\",\"name\":\"Gdzie mo\u017cna nas znale\u017a\u0107? &#8212; Wellness Hotel Astra &#8212;\",\"isPartOf\":{\"@id\":\"https:\/\/www.hotel-astra.cz\/pl\/#website\"},\"datePublished\":\"2022-12-09T11:45:17+00:00\",\"dateModified\":\"2022-12-27T10:33:44+00:00\",\"description\":\".\",\"breadcrumb\":{\"@id\":\"https:\/\/www.hotel-astra.cz\/pl\/gdzie-mozna-nas-znalezc\/#breadcrumb\"},\"inLanguage\":\"pl-PL\",\"potentialAction\":[{\"@type\":\"ReadAction\",\"target\":[\"https:\/\/www.hotel-astra.cz\/pl\/gdzie-mozna-nas-znalezc\/\"]}]},{\"@type\":\"BreadcrumbList\",\"@id\":\"https:\/\/www.hotel-astra.cz\/pl\/gdzie-mozna-nas-znalezc\/#breadcrumb\",\"itemListElement\":[{\"@type\":\"ListItem\",\"position\":1,\"name\":\"Home\",\"item\":\"https:\/\/www.hotel-astra.cz\/pl\/\"},{\"@type\":\"ListItem\",\"position\":2,\"name\":\"Gdzie mo\u017cna nas znale\u017a\u0107?\"}]},{\"@type\":\"WebSite\",\"@id\":\"https:\/\/www.hotel-astra.cz\/pl\/#website\",\"url\":\"https:\/\/www.hotel-astra.cz\/pl\/\",\"name\":\"Wellness Hotel Astra\",\"description\":\"Just another ms.decms.eu site\",\"potentialAction\":[{\"@type\":\"SearchAction\",\"target\":{\"@type\":\"EntryPoint\",\"urlTemplate\":\"https:\/\/www.hotel-astra.cz\/pl\/?s={search_term_string}\"},\"query-input\":{\"@type\":\"PropertyValueSpecification\",\"valueRequired\":true,\"valueName\":\"search_term_string\"}}],\"inLanguage\":\"pl-PL\"}]}<\/script>\n<!-- \/ Yoast SEO plugin. -->","yoast_head_json":{"title":"Gdzie mo\u017cna nas znale\u017a\u0107? &#8212; Wellness Hotel Astra &#8212;","description":".","robots":{"index":"index","follow":"follow","max-snippet":"max-snippet:-1","max-image-preview":"max-image-preview:large","max-video-preview":"max-video-preview:-1"},"canonical":"https:\/\/www.hotel-astra.cz\/pl\/gdzie-mozna-nas-znalezc\/","og_locale":"pl_PL","og_type":"article","og_title":"Gdzie mo\u017cna nas znale\u017a\u0107? &#8212; Wellness Hotel Astra &#8212;","og_description":".","og_url":"https:\/\/www.hotel-astra.cz\/pl\/gdzie-mozna-nas-znalezc\/","og_site_name":"Wellness Hotel Astra","article_modified_time":"2022-12-27T10:33:44+00:00","twitter_card":"summary_large_image","schema":{"@context":"https:\/\/schema.org","@graph":[{"@type":"WebPage","@id":"https:\/\/www.hotel-astra.cz\/pl\/gdzie-mozna-nas-znalezc\/","url":"https:\/\/www.hotel-astra.cz\/pl\/gdzie-mozna-nas-znalezc\/","name":"Gdzie mo\u017cna nas znale\u017a\u0107? &#8212; Wellness Hotel Astra &#8212;","isPartOf":{"@id":"https:\/\/www.hotel-astra.cz\/pl\/#website"},"datePublished":"2022-12-09T11:45:17+00:00","dateModified":"2022-12-27T10:33:44+00:00","description":".","breadcrumb":{"@id":"https:\/\/www.hotel-astra.cz\/pl\/gdzie-mozna-nas-znalezc\/#breadcrumb"},"inLanguage":"pl-PL","potentialAction":[{"@type":"ReadAction","target":["https:\/\/www.hotel-astra.cz\/pl\/gdzie-mozna-nas-znalezc\/"]}]},{"@type":"BreadcrumbList","@id":"https:\/\/www.hotel-astra.cz\/pl\/gdzie-mozna-nas-znalezc\/#breadcrumb","itemListElement":[{"@type":"ListItem","position":1,"name":"Home","item":"https:\/\/www.hotel-astra.cz\/pl\/"},{"@type":"ListItem","position":2,"name":"Gdzie mo\u017cna nas znale\u017a\u0107?"}]},{"@type":"WebSite","@id":"https:\/\/www.hotel-astra.cz\/pl\/#website","url":"https:\/\/www.hotel-astra.cz\/pl\/","name":"Wellness Hotel Astra","description":"Just another ms.decms.eu site","potentialAction":[{"@type":"SearchAction","target":{"@type":"EntryPoint","urlTemplate":"https:\/\/www.hotel-astra.cz\/pl\/?s={search_term_string}"},"query-input":{"@type":"PropertyValueSpecification","valueRequired":true,"valueName":"search_term_string"}}],"inLanguage":"pl-PL"}]}},"acf":[],"_links":{"self":[{"href":"https:\/\/www.hotel-astra.cz\/pl\/wp-json\/wp\/v2\/pages\/571","targetHints":{"allow":["GET"]}}],"collection":[{"href":"https:\/\/www.hotel-astra.cz\/pl\/wp-json\/wp\/v2\/pages"}],"about":[{"href":"https:\/\/www.hotel-astra.cz\/pl\/wp-json\/wp\/v2\/types\/page"}],"author":[{"embeddable":true,"href":"https:\/\/www.hotel-astra.cz\/pl\/wp-json\/wp\/v2\/users\/7"}],"replies":[{"embeddable":true,"href":"https:\/\/www.hotel-astra.cz\/pl\/wp-json\/wp\/v2\/comments?post=571"}],"version-history":[{"count":0,"href":"https:\/\/www.hotel-astra.cz\/pl\/wp-json\/wp\/v2\/pages\/571\/revisions"}],"wp:attachment":[{"href":"https:\/\/www.hotel-astra.cz\/pl\/wp-json\/wp\/v2\/media?parent=571"}],"curies":[{"name":"wp","href":"https:\/\/api.w.org\/{rel}","templated":true}]}}