{"id":561,"date":"2022-10-26T13:13:25","date_gmt":"2022-10-26T13:13:25","guid":{"rendered":"https:\/\/wellness-hotel-astra.ms.decms.eu\/aktivity\/"},"modified":"2025-04-25T09:50:52","modified_gmt":"2025-04-25T09:50:52","slug":"dzialalnosc","status":"publish","type":"page","link":"https:\/\/www.hotel-astra.cz\/pl\/dzialalnosc\/","title":{"rendered":"Dzia\u0142alno\u015b\u0107"},"content":{"rendered":"<p style=\"text-align: center\">Szpindlerowy M\u0142yn oferuje nieprzebrane mo\u017cliwo\u015bci aktywnego sp\u0119dzenia wolnego czasu zar\u00f3wno latem, jak i zim\u0105.<\/p>\n","protected":false},"excerpt":{"rendered":"<p>Szpindlerowy M\u0142yn oferuje nieprzebrane mo\u017cliwo\u015bci aktywnego sp\u0119dzenia wolnego czasu zar\u00f3wno latem, jak i zim\u0105.<\/p>\n","protected":false},"author":479,"featured_media":0,"parent":0,"menu_order":26,"comment_status":"closed","ping_status":"closed","template":"template-surroundings.php","meta":{"footnotes":""},"class_list":["post-561","page","type-page","status-publish","hentry"],"yoast_head":"<!-- This site is optimized with the Yoast SEO plugin v26.9 - https:\/\/yoast.com\/product\/yoast-seo-wordpress\/ -->\n<title>Dzia\u0142alno\u015b\u0107 &#8212; Wellness Hotel Astra &#8212;<\/title>\n<meta name=\"description\" content=\"Szpindlerowy M\u0142yn oferuje mn\u00f3stwo atrakcji zar\u00f3wno latem, jak i zim\u0105. Narciarstwo, turystyka, relaks i wysokiej jako\u015bci us\u0142ugi wellness.\" \/>\n<meta name=\"robots\" content=\"index, follow, max-snippet:-1, max-image-preview:large, max-video-preview:-1\" \/>\n<link rel=\"canonical\" href=\"https:\/\/www.hotel-astra.cz\/pl\/dzialalnosc\/\" \/>\n<meta property=\"og:locale\" content=\"pl_PL\" \/>\n<meta property=\"og:type\" content=\"article\" \/>\n<meta property=\"og:title\" content=\"Dzia\u0142alno\u015b\u0107 &#8212; Wellness Hotel Astra &#8212;\" \/>\n<meta property=\"og:description\" content=\"Szpindlerowy M\u0142yn oferuje mn\u00f3stwo atrakcji zar\u00f3wno latem, jak i zim\u0105. Narciarstwo, turystyka, relaks i wysokiej jako\u015bci us\u0142ugi wellness.\" \/>\n<meta property=\"og:url\" content=\"https:\/\/www.hotel-astra.cz\/pl\/dzialalnosc\/\" \/>\n<meta property=\"og:site_name\" content=\"Wellness Hotel Astra\" \/>\n<meta property=\"article:modified_time\" content=\"2025-04-25T09:50:52+00:00\" \/>\n<meta name=\"twitter:card\" content=\"summary_large_image\" \/>\n<meta name=\"twitter:label1\" content=\"Szacowany czas czytania\" \/>\n\t<meta name=\"twitter:data1\" content=\"1 minuta\" \/>\n<script type=\"application\/ld+json\" class=\"yoast-schema-graph\">{\"@context\":\"https:\/\/schema.org\",\"@graph\":[{\"@type\":\"WebPage\",\"@id\":\"https:\/\/www.hotel-astra.cz\/pl\/dzialalnosc\/\",\"url\":\"https:\/\/www.hotel-astra.cz\/pl\/dzialalnosc\/\",\"name\":\"Dzia\u0142alno\u015b\u0107 &#8212; Wellness Hotel Astra &#8212;\",\"isPartOf\":{\"@id\":\"https:\/\/www.hotel-astra.cz\/pl\/#website\"},\"datePublished\":\"2022-10-26T13:13:25+00:00\",\"dateModified\":\"2025-04-25T09:50:52+00:00\",\"description\":\"Szpindlerowy M\u0142yn oferuje mn\u00f3stwo atrakcji zar\u00f3wno latem, jak i zim\u0105. Narciarstwo, turystyka, relaks i wysokiej jako\u015bci us\u0142ugi wellness.\",\"breadcrumb\":{\"@id\":\"https:\/\/www.hotel-astra.cz\/pl\/dzialalnosc\/#breadcrumb\"},\"inLanguage\":\"pl-PL\",\"potentialAction\":[{\"@type\":\"ReadAction\",\"target\":[\"https:\/\/www.hotel-astra.cz\/pl\/dzialalnosc\/\"]}]},{\"@type\":\"BreadcrumbList\",\"@id\":\"https:\/\/www.hotel-astra.cz\/pl\/dzialalnosc\/#breadcrumb\",\"itemListElement\":[{\"@type\":\"ListItem\",\"position\":1,\"name\":\"Home\",\"item\":\"https:\/\/www.hotel-astra.cz\/pl\/\"},{\"@type\":\"ListItem\",\"position\":2,\"name\":\"Dzia\u0142alno\u015b\u0107\"}]},{\"@type\":\"WebSite\",\"@id\":\"https:\/\/www.hotel-astra.cz\/pl\/#website\",\"url\":\"https:\/\/www.hotel-astra.cz\/pl\/\",\"name\":\"Wellness Hotel Astra\",\"description\":\"Just another ms.decms.eu site\",\"potentialAction\":[{\"@type\":\"SearchAction\",\"target\":{\"@type\":\"EntryPoint\",\"urlTemplate\":\"https:\/\/www.hotel-astra.cz\/pl\/?s={search_term_string}\"},\"query-input\":{\"@type\":\"PropertyValueSpecification\",\"valueRequired\":true,\"valueName\":\"search_term_string\"}}],\"inLanguage\":\"pl-PL\"}]}<\/script>\n<!-- \/ Yoast SEO plugin. -->","yoast_head_json":{"title":"Dzia\u0142alno\u015b\u0107 &#8212; Wellness Hotel Astra &#8212;","description":"Szpindlerowy M\u0142yn oferuje mn\u00f3stwo atrakcji zar\u00f3wno latem, jak i zim\u0105. Narciarstwo, turystyka, relaks i wysokiej jako\u015bci us\u0142ugi wellness.","robots":{"index":"index","follow":"follow","max-snippet":"max-snippet:-1","max-image-preview":"max-image-preview:large","max-video-preview":"max-video-preview:-1"},"canonical":"https:\/\/www.hotel-astra.cz\/pl\/dzialalnosc\/","og_locale":"pl_PL","og_type":"article","og_title":"Dzia\u0142alno\u015b\u0107 &#8212; Wellness Hotel Astra &#8212;","og_description":"Szpindlerowy M\u0142yn oferuje mn\u00f3stwo atrakcji zar\u00f3wno latem, jak i zim\u0105. Narciarstwo, turystyka, relaks i wysokiej jako\u015bci us\u0142ugi wellness.","og_url":"https:\/\/www.hotel-astra.cz\/pl\/dzialalnosc\/","og_site_name":"Wellness Hotel Astra","article_modified_time":"2025-04-25T09:50:52+00:00","twitter_card":"summary_large_image","twitter_misc":{"Szacowany czas czytania":"1 minuta"},"schema":{"@context":"https:\/\/schema.org","@graph":[{"@type":"WebPage","@id":"https:\/\/www.hotel-astra.cz\/pl\/dzialalnosc\/","url":"https:\/\/www.hotel-astra.cz\/pl\/dzialalnosc\/","name":"Dzia\u0142alno\u015b\u0107 &#8212; Wellness Hotel Astra &#8212;","isPartOf":{"@id":"https:\/\/www.hotel-astra.cz\/pl\/#website"},"datePublished":"2022-10-26T13:13:25+00:00","dateModified":"2025-04-25T09:50:52+00:00","description":"Szpindlerowy M\u0142yn oferuje mn\u00f3stwo atrakcji zar\u00f3wno latem, jak i zim\u0105. Narciarstwo, turystyka, relaks i wysokiej jako\u015bci us\u0142ugi wellness.","breadcrumb":{"@id":"https:\/\/www.hotel-astra.cz\/pl\/dzialalnosc\/#breadcrumb"},"inLanguage":"pl-PL","potentialAction":[{"@type":"ReadAction","target":["https:\/\/www.hotel-astra.cz\/pl\/dzialalnosc\/"]}]},{"@type":"BreadcrumbList","@id":"https:\/\/www.hotel-astra.cz\/pl\/dzialalnosc\/#breadcrumb","itemListElement":[{"@type":"ListItem","position":1,"name":"Home","item":"https:\/\/www.hotel-astra.cz\/pl\/"},{"@type":"ListItem","position":2,"name":"Dzia\u0142alno\u015b\u0107"}]},{"@type":"WebSite","@id":"https:\/\/www.hotel-astra.cz\/pl\/#website","url":"https:\/\/www.hotel-astra.cz\/pl\/","name":"Wellness Hotel Astra","description":"Just another ms.decms.eu site","potentialAction":[{"@type":"SearchAction","target":{"@type":"EntryPoint","urlTemplate":"https:\/\/www.hotel-astra.cz\/pl\/?s={search_term_string}"},"query-input":{"@type":"PropertyValueSpecification","valueRequired":true,"valueName":"search_term_string"}}],"inLanguage":"pl-PL"}]}},"acf":[],"_links":{"self":[{"href":"https:\/\/www.hotel-astra.cz\/pl\/wp-json\/wp\/v2\/pages\/561","targetHints":{"allow":["GET"]}}],"collection":[{"href":"https:\/\/www.hotel-astra.cz\/pl\/wp-json\/wp\/v2\/pages"}],"about":[{"href":"https:\/\/www.hotel-astra.cz\/pl\/wp-json\/wp\/v2\/types\/page"}],"author":[{"embeddable":true,"href":"https:\/\/www.hotel-astra.cz\/pl\/wp-json\/wp\/v2\/users\/479"}],"replies":[{"embeddable":true,"href":"https:\/\/www.hotel-astra.cz\/pl\/wp-json\/wp\/v2\/comments?post=561"}],"version-history":[{"count":0,"href":"https:\/\/www.hotel-astra.cz\/pl\/wp-json\/wp\/v2\/pages\/561\/revisions"}],"wp:attachment":[{"href":"https:\/\/www.hotel-astra.cz\/pl\/wp-json\/wp\/v2\/media?parent=561"}],"curies":[{"name":"wp","href":"https:\/\/api.w.org\/{rel}","templated":true}]}}