{"id":557,"date":"2022-10-26T12:44:04","date_gmt":"2022-10-26T12:44:04","guid":{"rendered":"https:\/\/wellness-hotel-astra.ms.decms.eu\/fun-zona\/"},"modified":"2025-12-04T07:05:58","modified_gmt":"2025-12-04T07:05:58","slug":"strefa-fun","status":"publish","type":"page","link":"https:\/\/www.hotel-astra.cz\/pl\/strefa-fun\/","title":{"rendered":"Strefa Fun"},"content":{"rendered":"<p style=\"text-align: center\">Fun Zone oferuje zabaw\u0119 dla ca\u0142ej rodziny.<\/p>\n","protected":false},"excerpt":{"rendered":"<p>Fun Zone oferuje zabaw\u0119 dla ca\u0142ej rodziny.<\/p>\n","protected":false},"author":479,"featured_media":0,"parent":0,"menu_order":20,"comment_status":"closed","ping_status":"closed","template":"template-meeting.php","meta":{"footnotes":""},"class_list":["post-557","page","type-page","status-publish","hentry"],"yoast_head":"<!-- This site is optimized with the Yoast SEO plugin v26.9 - https:\/\/yoast.com\/product\/yoast-seo-wordpress\/ -->\n<title>Strefa Fun &#8212; Wellness Hotel Astra &#8212;<\/title>\n<meta name=\"description\" content=\"Kr\u0119gle, bilard i pi\u0142karzyki mo\u017cna znale\u017a\u0107 w naszej hotelowej Strefie Zabawy. Nasza strefa rozrywki to \u015bwietna zabawa dla ca\u0142ej rodziny.\" \/>\n<meta name=\"robots\" content=\"index, follow, max-snippet:-1, max-image-preview:large, max-video-preview:-1\" \/>\n<link rel=\"canonical\" href=\"https:\/\/www.hotel-astra.cz\/pl\/strefa-fun\/\" \/>\n<meta property=\"og:locale\" content=\"pl_PL\" \/>\n<meta property=\"og:type\" content=\"article\" \/>\n<meta property=\"og:title\" content=\"Strefa Fun &#8212; Wellness Hotel Astra &#8212;\" \/>\n<meta property=\"og:description\" content=\"Kr\u0119gle, bilard i pi\u0142karzyki mo\u017cna znale\u017a\u0107 w naszej hotelowej Strefie Zabawy. Nasza strefa rozrywki to \u015bwietna zabawa dla ca\u0142ej rodziny.\" \/>\n<meta property=\"og:url\" content=\"https:\/\/www.hotel-astra.cz\/pl\/strefa-fun\/\" \/>\n<meta property=\"og:site_name\" content=\"Wellness Hotel Astra\" \/>\n<meta property=\"article:modified_time\" content=\"2025-12-04T07:05:58+00:00\" \/>\n<meta name=\"twitter:card\" content=\"summary_large_image\" \/>\n<meta name=\"twitter:label1\" content=\"Szacowany czas czytania\" \/>\n\t<meta name=\"twitter:data1\" content=\"1 minuta\" \/>\n<script type=\"application\/ld+json\" class=\"yoast-schema-graph\">{\"@context\":\"https:\/\/schema.org\",\"@graph\":[{\"@type\":\"WebPage\",\"@id\":\"https:\/\/www.hotel-astra.cz\/pl\/strefa-fun\/\",\"url\":\"https:\/\/www.hotel-astra.cz\/pl\/strefa-fun\/\",\"name\":\"Strefa Fun &#8212; Wellness Hotel Astra &#8212;\",\"isPartOf\":{\"@id\":\"https:\/\/www.hotel-astra.cz\/pl\/#website\"},\"datePublished\":\"2022-10-26T12:44:04+00:00\",\"dateModified\":\"2025-12-04T07:05:58+00:00\",\"description\":\"Kr\u0119gle, bilard i pi\u0142karzyki mo\u017cna znale\u017a\u0107 w naszej hotelowej Strefie Zabawy. Nasza strefa rozrywki to \u015bwietna zabawa dla ca\u0142ej rodziny.\",\"breadcrumb\":{\"@id\":\"https:\/\/www.hotel-astra.cz\/pl\/strefa-fun\/#breadcrumb\"},\"inLanguage\":\"pl-PL\",\"potentialAction\":[{\"@type\":\"ReadAction\",\"target\":[\"https:\/\/www.hotel-astra.cz\/pl\/strefa-fun\/\"]}]},{\"@type\":\"BreadcrumbList\",\"@id\":\"https:\/\/www.hotel-astra.cz\/pl\/strefa-fun\/#breadcrumb\",\"itemListElement\":[{\"@type\":\"ListItem\",\"position\":1,\"name\":\"Home\",\"item\":\"https:\/\/www.hotel-astra.cz\/pl\/\"},{\"@type\":\"ListItem\",\"position\":2,\"name\":\"Strefa Fun\"}]},{\"@type\":\"WebSite\",\"@id\":\"https:\/\/www.hotel-astra.cz\/pl\/#website\",\"url\":\"https:\/\/www.hotel-astra.cz\/pl\/\",\"name\":\"Wellness Hotel Astra\",\"description\":\"Just another ms.decms.eu site\",\"potentialAction\":[{\"@type\":\"SearchAction\",\"target\":{\"@type\":\"EntryPoint\",\"urlTemplate\":\"https:\/\/www.hotel-astra.cz\/pl\/?s={search_term_string}\"},\"query-input\":{\"@type\":\"PropertyValueSpecification\",\"valueRequired\":true,\"valueName\":\"search_term_string\"}}],\"inLanguage\":\"pl-PL\"}]}<\/script>\n<!-- \/ Yoast SEO plugin. -->","yoast_head_json":{"title":"Strefa Fun &#8212; Wellness Hotel Astra &#8212;","description":"Kr\u0119gle, bilard i pi\u0142karzyki mo\u017cna znale\u017a\u0107 w naszej hotelowej Strefie Zabawy. Nasza strefa rozrywki to \u015bwietna zabawa dla ca\u0142ej rodziny.","robots":{"index":"index","follow":"follow","max-snippet":"max-snippet:-1","max-image-preview":"max-image-preview:large","max-video-preview":"max-video-preview:-1"},"canonical":"https:\/\/www.hotel-astra.cz\/pl\/strefa-fun\/","og_locale":"pl_PL","og_type":"article","og_title":"Strefa Fun &#8212; Wellness Hotel Astra &#8212;","og_description":"Kr\u0119gle, bilard i pi\u0142karzyki mo\u017cna znale\u017a\u0107 w naszej hotelowej Strefie Zabawy. Nasza strefa rozrywki to \u015bwietna zabawa dla ca\u0142ej rodziny.","og_url":"https:\/\/www.hotel-astra.cz\/pl\/strefa-fun\/","og_site_name":"Wellness Hotel Astra","article_modified_time":"2025-12-04T07:05:58+00:00","twitter_card":"summary_large_image","twitter_misc":{"Szacowany czas czytania":"1 minuta"},"schema":{"@context":"https:\/\/schema.org","@graph":[{"@type":"WebPage","@id":"https:\/\/www.hotel-astra.cz\/pl\/strefa-fun\/","url":"https:\/\/www.hotel-astra.cz\/pl\/strefa-fun\/","name":"Strefa Fun &#8212; Wellness Hotel Astra &#8212;","isPartOf":{"@id":"https:\/\/www.hotel-astra.cz\/pl\/#website"},"datePublished":"2022-10-26T12:44:04+00:00","dateModified":"2025-12-04T07:05:58+00:00","description":"Kr\u0119gle, bilard i pi\u0142karzyki mo\u017cna znale\u017a\u0107 w naszej hotelowej Strefie Zabawy. Nasza strefa rozrywki to \u015bwietna zabawa dla ca\u0142ej rodziny.","breadcrumb":{"@id":"https:\/\/www.hotel-astra.cz\/pl\/strefa-fun\/#breadcrumb"},"inLanguage":"pl-PL","potentialAction":[{"@type":"ReadAction","target":["https:\/\/www.hotel-astra.cz\/pl\/strefa-fun\/"]}]},{"@type":"BreadcrumbList","@id":"https:\/\/www.hotel-astra.cz\/pl\/strefa-fun\/#breadcrumb","itemListElement":[{"@type":"ListItem","position":1,"name":"Home","item":"https:\/\/www.hotel-astra.cz\/pl\/"},{"@type":"ListItem","position":2,"name":"Strefa Fun"}]},{"@type":"WebSite","@id":"https:\/\/www.hotel-astra.cz\/pl\/#website","url":"https:\/\/www.hotel-astra.cz\/pl\/","name":"Wellness Hotel Astra","description":"Just another ms.decms.eu site","potentialAction":[{"@type":"SearchAction","target":{"@type":"EntryPoint","urlTemplate":"https:\/\/www.hotel-astra.cz\/pl\/?s={search_term_string}"},"query-input":{"@type":"PropertyValueSpecification","valueRequired":true,"valueName":"search_term_string"}}],"inLanguage":"pl-PL"}]}},"acf":[],"_links":{"self":[{"href":"https:\/\/www.hotel-astra.cz\/pl\/wp-json\/wp\/v2\/pages\/557","targetHints":{"allow":["GET"]}}],"collection":[{"href":"https:\/\/www.hotel-astra.cz\/pl\/wp-json\/wp\/v2\/pages"}],"about":[{"href":"https:\/\/www.hotel-astra.cz\/pl\/wp-json\/wp\/v2\/types\/page"}],"author":[{"embeddable":true,"href":"https:\/\/www.hotel-astra.cz\/pl\/wp-json\/wp\/v2\/users\/479"}],"replies":[{"embeddable":true,"href":"https:\/\/www.hotel-astra.cz\/pl\/wp-json\/wp\/v2\/comments?post=557"}],"version-history":[{"count":0,"href":"https:\/\/www.hotel-astra.cz\/pl\/wp-json\/wp\/v2\/pages\/557\/revisions"}],"wp:attachment":[{"href":"https:\/\/www.hotel-astra.cz\/pl\/wp-json\/wp\/v2\/media?parent=557"}],"curies":[{"name":"wp","href":"https:\/\/api.w.org\/{rel}","templated":true}]}}