{"id":539,"date":"2022-10-26T12:13:13","date_gmt":"2022-10-26T12:13:13","guid":{"rendered":"https:\/\/wellness-hotel-astra.ms.decms.eu\/restaurace-a-lobby-bar\/"},"modified":"2026-04-13T10:29:09","modified_gmt":"2026-04-13T10:29:09","slug":"restaurace-a-lobby-bar","status":"publish","type":"page","link":"https:\/\/www.hotel-astra.cz\/pl\/restaurace-a-lobby-bar\/","title":{"rendered":"Restaurace a lobby bar"},"content":{"rendered":"<p style=\"text-align: center\">Posi\u0142ek mo\u017cna zje\u015b\u0107 w naszej restauracji, kt\u00f3ra znajduje si\u0119 <strong>na pierwszym pi\u0119trze hotelu<\/strong>.<\/p>\n<p style=\"text-align: center\">Serwujemy \u015bniadania i kolacje w formie bufetu, a w wybranych terminach 3-daniowe menu z bufetem sa\u0142atkowym.<br \/>\nMo\u017cna te\u017c wybiera\u0107 z bogatego menu \u00e0 la carte.<\/p>\n<p style=\"text-align: center\">Na parterze znajduje si\u0119 <strong>LOBBY BAR.<\/strong><\/p>\n<p style=\"text-align: center\">\n","protected":false},"excerpt":{"rendered":"<p>Posi\u0142ek mo\u017cna zje\u015b\u0107 w naszej restauracji, kt\u00f3ra znajduje si\u0119 na pierwszym pi\u0119trze hotelu. Serwujemy \u015bniadania i kolacje w formie bufetu, a w wybranych terminach 3-daniowe menu z bufetem sa\u0142atkowym. Mo\u017cna te\u017c wybiera\u0107 z bogatego menu \u00e0 la carte. Na parterze znajduje si\u0119 LOBBY BAR.<\/p>\n","protected":false},"author":479,"featured_media":0,"parent":0,"menu_order":10,"comment_status":"closed","ping_status":"closed","template":"template-single-restaurant.php","meta":{"footnotes":""},"class_list":["post-539","page","type-page","status-publish","hentry"],"yoast_head":"<!-- This site is optimized with the Yoast SEO plugin v26.9 - https:\/\/yoast.com\/product\/yoast-seo-wordpress\/ -->\n<title>Restaurace a lobby bar &#8212; Wellness Hotel Astra &#8212;<\/title>\n<meta name=\"description\" content=\"Restauracja i bar w hotelu Astra to \u015bwietne jedzenie, doskona\u0142e wina i relaksuj\u0105ca atmosfera. Kolacje w formie bufetu przez ca\u0142y rok.\" \/>\n<meta name=\"robots\" content=\"index, follow, max-snippet:-1, max-image-preview:large, max-video-preview:-1\" \/>\n<link rel=\"canonical\" href=\"https:\/\/www.hotel-astra.cz\/pl\/restaurace-a-lobby-bar\/\" \/>\n<meta property=\"og:locale\" content=\"pl_PL\" \/>\n<meta property=\"og:type\" content=\"article\" \/>\n<meta property=\"og:title\" content=\"Restaurace a lobby bar &#8212; Wellness Hotel Astra &#8212;\" \/>\n<meta property=\"og:description\" content=\"Restauracja i bar w hotelu Astra to \u015bwietne jedzenie, doskona\u0142e wina i relaksuj\u0105ca atmosfera. Kolacje w formie bufetu przez ca\u0142y rok.\" \/>\n<meta property=\"og:url\" content=\"https:\/\/www.hotel-astra.cz\/pl\/restaurace-a-lobby-bar\/\" \/>\n<meta property=\"og:site_name\" content=\"Wellness Hotel Astra\" \/>\n<meta property=\"article:modified_time\" content=\"2026-04-13T10:29:09+00:00\" \/>\n<meta name=\"twitter:card\" content=\"summary_large_image\" \/>\n<meta name=\"twitter:label1\" content=\"Szacowany czas czytania\" \/>\n\t<meta name=\"twitter:data1\" content=\"1 minuta\" \/>\n<script type=\"application\/ld+json\" class=\"yoast-schema-graph\">{\"@context\":\"https:\/\/schema.org\",\"@graph\":[{\"@type\":\"WebPage\",\"@id\":\"https:\/\/www.hotel-astra.cz\/pl\/restaurace-a-lobby-bar\/\",\"url\":\"https:\/\/www.hotel-astra.cz\/pl\/restaurace-a-lobby-bar\/\",\"name\":\"Restaurace a lobby bar &#8212; Wellness Hotel Astra &#8212;\",\"isPartOf\":{\"@id\":\"https:\/\/www.hotel-astra.cz\/pl\/#website\"},\"datePublished\":\"2022-10-26T12:13:13+00:00\",\"dateModified\":\"2026-04-13T10:29:09+00:00\",\"description\":\"Restauracja i bar w hotelu Astra to \u015bwietne jedzenie, doskona\u0142e wina i relaksuj\u0105ca atmosfera. Kolacje w formie bufetu przez ca\u0142y rok.\",\"breadcrumb\":{\"@id\":\"https:\/\/www.hotel-astra.cz\/pl\/restaurace-a-lobby-bar\/#breadcrumb\"},\"inLanguage\":\"pl-PL\",\"potentialAction\":[{\"@type\":\"ReadAction\",\"target\":[\"https:\/\/www.hotel-astra.cz\/pl\/restaurace-a-lobby-bar\/\"]}]},{\"@type\":\"BreadcrumbList\",\"@id\":\"https:\/\/www.hotel-astra.cz\/pl\/restaurace-a-lobby-bar\/#breadcrumb\",\"itemListElement\":[{\"@type\":\"ListItem\",\"position\":1,\"name\":\"Home\",\"item\":\"https:\/\/www.hotel-astra.cz\/pl\/\"},{\"@type\":\"ListItem\",\"position\":2,\"name\":\"Restaurace a lobby bar\"}]},{\"@type\":\"WebSite\",\"@id\":\"https:\/\/www.hotel-astra.cz\/pl\/#website\",\"url\":\"https:\/\/www.hotel-astra.cz\/pl\/\",\"name\":\"Wellness Hotel Astra\",\"description\":\"Just another ms.decms.eu site\",\"potentialAction\":[{\"@type\":\"SearchAction\",\"target\":{\"@type\":\"EntryPoint\",\"urlTemplate\":\"https:\/\/www.hotel-astra.cz\/pl\/?s={search_term_string}\"},\"query-input\":{\"@type\":\"PropertyValueSpecification\",\"valueRequired\":true,\"valueName\":\"search_term_string\"}}],\"inLanguage\":\"pl-PL\"}]}<\/script>\n<!-- \/ Yoast SEO plugin. -->","yoast_head_json":{"title":"Restaurace a lobby bar &#8212; Wellness Hotel Astra &#8212;","description":"Restauracja i bar w hotelu Astra to \u015bwietne jedzenie, doskona\u0142e wina i relaksuj\u0105ca atmosfera. Kolacje w formie bufetu przez ca\u0142y rok.","robots":{"index":"index","follow":"follow","max-snippet":"max-snippet:-1","max-image-preview":"max-image-preview:large","max-video-preview":"max-video-preview:-1"},"canonical":"https:\/\/www.hotel-astra.cz\/pl\/restaurace-a-lobby-bar\/","og_locale":"pl_PL","og_type":"article","og_title":"Restaurace a lobby bar &#8212; Wellness Hotel Astra &#8212;","og_description":"Restauracja i bar w hotelu Astra to \u015bwietne jedzenie, doskona\u0142e wina i relaksuj\u0105ca atmosfera. Kolacje w formie bufetu przez ca\u0142y rok.","og_url":"https:\/\/www.hotel-astra.cz\/pl\/restaurace-a-lobby-bar\/","og_site_name":"Wellness Hotel Astra","article_modified_time":"2026-04-13T10:29:09+00:00","twitter_card":"summary_large_image","twitter_misc":{"Szacowany czas czytania":"1 minuta"},"schema":{"@context":"https:\/\/schema.org","@graph":[{"@type":"WebPage","@id":"https:\/\/www.hotel-astra.cz\/pl\/restaurace-a-lobby-bar\/","url":"https:\/\/www.hotel-astra.cz\/pl\/restaurace-a-lobby-bar\/","name":"Restaurace a lobby bar &#8212; Wellness Hotel Astra &#8212;","isPartOf":{"@id":"https:\/\/www.hotel-astra.cz\/pl\/#website"},"datePublished":"2022-10-26T12:13:13+00:00","dateModified":"2026-04-13T10:29:09+00:00","description":"Restauracja i bar w hotelu Astra to \u015bwietne jedzenie, doskona\u0142e wina i relaksuj\u0105ca atmosfera. Kolacje w formie bufetu przez ca\u0142y rok.","breadcrumb":{"@id":"https:\/\/www.hotel-astra.cz\/pl\/restaurace-a-lobby-bar\/#breadcrumb"},"inLanguage":"pl-PL","potentialAction":[{"@type":"ReadAction","target":["https:\/\/www.hotel-astra.cz\/pl\/restaurace-a-lobby-bar\/"]}]},{"@type":"BreadcrumbList","@id":"https:\/\/www.hotel-astra.cz\/pl\/restaurace-a-lobby-bar\/#breadcrumb","itemListElement":[{"@type":"ListItem","position":1,"name":"Home","item":"https:\/\/www.hotel-astra.cz\/pl\/"},{"@type":"ListItem","position":2,"name":"Restaurace a lobby bar"}]},{"@type":"WebSite","@id":"https:\/\/www.hotel-astra.cz\/pl\/#website","url":"https:\/\/www.hotel-astra.cz\/pl\/","name":"Wellness Hotel Astra","description":"Just another ms.decms.eu site","potentialAction":[{"@type":"SearchAction","target":{"@type":"EntryPoint","urlTemplate":"https:\/\/www.hotel-astra.cz\/pl\/?s={search_term_string}"},"query-input":{"@type":"PropertyValueSpecification","valueRequired":true,"valueName":"search_term_string"}}],"inLanguage":"pl-PL"}]}},"acf":[],"_links":{"self":[{"href":"https:\/\/www.hotel-astra.cz\/pl\/wp-json\/wp\/v2\/pages\/539","targetHints":{"allow":["GET"]}}],"collection":[{"href":"https:\/\/www.hotel-astra.cz\/pl\/wp-json\/wp\/v2\/pages"}],"about":[{"href":"https:\/\/www.hotel-astra.cz\/pl\/wp-json\/wp\/v2\/types\/page"}],"author":[{"embeddable":true,"href":"https:\/\/www.hotel-astra.cz\/pl\/wp-json\/wp\/v2\/users\/479"}],"replies":[{"embeddable":true,"href":"https:\/\/www.hotel-astra.cz\/pl\/wp-json\/wp\/v2\/comments?post=539"}],"version-history":[{"count":0,"href":"https:\/\/www.hotel-astra.cz\/pl\/wp-json\/wp\/v2\/pages\/539\/revisions"}],"wp:attachment":[{"href":"https:\/\/www.hotel-astra.cz\/pl\/wp-json\/wp\/v2\/media?parent=539"}],"curies":[{"name":"wp","href":"https:\/\/api.w.org\/{rel}","templated":true}]}}