{"id":5,"date":"2022-10-25T09:08:47","date_gmt":"2022-10-25T09:08:47","guid":{"rendered":"https:\/\/wellness-hotel-astra.ms.decms.eu\/sample-page\/"},"modified":"2026-04-07T07:07:06","modified_gmt":"2026-04-07T07:07:06","slug":"sample-page","status":"publish","type":"page","link":"https:\/\/www.hotel-astra.cz\/pl\/","title":{"rendered":"Wellness hotel Astra****"},"content":{"rendered":"<p style=\"text-align: center\"><strong>Wellness Hotel Astra<\/strong> to czterogwiazdkowy hotel po\u0142o\u017cony w samym sercu Karkonoszy, na wysoko\u015bci 800 m n.p.m. Znajduje si\u0119 w spokojnej cz\u0119\u015bci miejscowo\u015bci Bed\u0159ichov, oko\u0142o 15 minut spacerem od centrum Szpindlerowego M\u0142yna. Hotel oferuje wyj\u0105tkowy widok na Koz\u00ed h\u0159bety, stok narciarski Hromovka i zapor\u0119 Labsk\u00e1 p\u0159ehrada.<\/p>\n<p style=\"text-align: center\">G\u0142\u00f3wne zalety i us\u0142ugi hotelu:<\/p>\n<p style=\"text-align: center\"><strong>Centrum wellness:<\/strong><\/p>\n<ul>\n<li><strong>W\u0142asny basen<\/strong> (nieograniczony wst\u0119p wliczony w cen\u0119 pobytu)<\/li>\n<li><strong>Strefa wellness<\/strong> z trzema saunami, jaskini\u0105 soln\u0105, prysznicami wra\u017ce\u0144, \u015bcie\u017ck\u0105 Kneippa, promiennikami podczerwieni do ogrzewania plec\u00f3w i przestronn\u0105 stref\u0105 relaksacyjn\u0105<\/li>\n<li><strong>Prywatne SPA<\/strong> z jacuzzi<\/li>\n<li><strong>Oferta masa\u017cy i ok\u0142ad\u00f3w<\/strong><\/li>\n<\/ul>\n<p style=\"text-align: center\"><strong>Letnie bonusy<\/strong><\/p>\n<ul>\n<li><strong>Bezp\u0142atne letnie bilety na kolejki linowe<\/strong> w Szpindlerowym M\u0142ynie (<strong>przy spe\u0142nieniu warunk\u00f3w oferty sezonowej<\/strong>)<\/li>\n<\/ul>\n<p style=\"text-align: center\"><strong>Zaplecze dla narciarzy:<\/strong><\/p>\n<ul>\n<li><strong>Nowoczesna przechowalnia nart wyposa\u017cona<\/strong> w zamykane szafki i profesjonalne suszarki do but\u00f3w dla maksymalnego komfortu i bezpiecze\u0144stwa.<\/li>\n<li><strong>Wypo\u017cyczalnia<\/strong> nart, snowboard\u00f3w i <strong>szko\u0142a narciarska<\/strong> bezpo\u015brednio w hotelu.<\/li>\n<\/ul>\n<p style=\"text-align: center\"><strong>Gastronomia<\/strong><\/p>\n<ul>\n<li>R<strong>estauracja bufetowa i lobby bar<\/strong>, koncepcje gastronomiczne we wsp\u00f3\u0142pracy z szefem kuchni Daliborem Navr\u00e1tilem.<\/li>\n<\/ul>\n<p style=\"text-align: center\"><strong>Rodziny z dzie\u0107mi<\/strong><\/p>\n<ul>\n<li>Bezp\u0142atne zakwaterowanie dla dzieci do 1,9 roku \u017cycia, pokoje rodzinne i apartamenty dla 4\u20135 os\u00f3b.<br \/>\nTematyczne sezonowe programy animacyjne.<\/li>\n<\/ul>\n<p style=\"text-align: center\"><strong>Rozrywka<\/strong><\/p>\n<ul>\n<li><strong>Bowling i bilard<\/strong><\/li>\n<\/ul>\n<h5 style=\"text-align: center\">Wa\u017cne informacje dla go\u015bci<\/h5>\n<ul>\n<li><strong>Parking i dost\u0119pno\u015b\u0107:<\/strong> Bezp\u0142atny parking zewn\u0119trzny przy hotelu. W sezonie zimowym zalecamy wyposa\u017cenie si\u0119 w \u0142a\u0144cuchy \u015bniegowe.<\/li>\n<li><strong>Zwierz\u0119ta domowe:<\/strong> Hotel przyjazny psom (op\u0142ata 600 CZK\/noc, bez dost\u0119pu do restauracji).<\/li>\n<li><strong>Mo\u017cliwo\u015bci p\u0142atno\u015bci:<\/strong> Akceptujemy wp\u0142aty z funduszu FKSP oraz benefity firm Pluxee, Benefit Plus, UP Benefity i Edenred.<\/li>\n<li><strong>Uwaga:<\/strong> Ca\u0142y obiekt hotelu jest obj\u0119ty zakazem palenia.<\/li>\n<li><strong>Zameldowanie:<\/strong> od 14:00 do 21:30.<br \/>\n<strong>Wymeldowanie:<\/strong> do 10:00.<\/li>\n<li><strong>Recepcja<\/strong>: czynna od 07:00 do 22:00.<\/li>\n<\/ul>\n","protected":false},"excerpt":{"rendered":"<p>Wellness Hotel Astra to czterogwiazdkowy hotel po\u0142o\u017cony w samym sercu Karkonoszy, na wysoko\u015bci 800 m n.p.m. Znajduje si\u0119 w spokojnej cz\u0119\u015bci miejscowo\u015bci Bed\u0159ichov, oko\u0142o 15 minut spacerem od centrum Szpindlerowego M\u0142yna. Hotel oferuje wyj\u0105tkowy widok na Koz\u00ed h\u0159bety, stok narciarski Hromovka i zapor\u0119 Labsk\u00e1 p\u0159ehrada. G\u0142\u00f3wne zalety i us\u0142ugi hotelu: Centrum wellness: W\u0142asny basen (nieograniczony [&hellip;]<\/p>\n","protected":false},"author":479,"featured_media":0,"parent":0,"menu_order":0,"comment_status":"closed","ping_status":"closed","template":"","meta":{"footnotes":""},"class_list":["post-5","page","type-page","status-publish","hentry"],"yoast_head":"<!-- This site is optimized with the Yoast SEO plugin v26.9 - https:\/\/yoast.com\/product\/yoast-seo-wordpress\/ -->\n<title>Wellness hotel Astra**** &#8212; Wellness Hotel Astra &#8212;<\/title>\n<meta name=\"description\" content=\"Wellness Hotel Astra Szpindleruv M\u0142yn - komfortowe zakwaterowanie, nowoczesne wellness z saunami, grot\u0105 soln\u0105, basenem i doskona\u0142\u0105 kuchni\u0105\" \/>\n<meta name=\"robots\" content=\"index, follow, max-snippet:-1, max-image-preview:large, max-video-preview:-1\" \/>\n<link rel=\"canonical\" href=\"https:\/\/www.hotel-astra.cz\/pl\/\" \/>\n<meta property=\"og:locale\" content=\"pl_PL\" \/>\n<meta property=\"og:type\" content=\"article\" \/>\n<meta property=\"og:title\" content=\"Wellness hotel Astra**** &#8212; Wellness Hotel Astra &#8212;\" \/>\n<meta property=\"og:description\" content=\"Wellness Hotel Astra Szpindleruv M\u0142yn - komfortowe zakwaterowanie, nowoczesne wellness z saunami, grot\u0105 soln\u0105, basenem i doskona\u0142\u0105 kuchni\u0105\" \/>\n<meta property=\"og:url\" content=\"https:\/\/www.hotel-astra.cz\/pl\/\" \/>\n<meta property=\"og:site_name\" content=\"Wellness Hotel Astra\" \/>\n<meta property=\"article:modified_time\" content=\"2026-04-07T07:07:06+00:00\" \/>\n<meta name=\"twitter:card\" content=\"summary_large_image\" \/>\n<meta name=\"twitter:label1\" content=\"Szacowany czas czytania\" \/>\n\t<meta name=\"twitter:data1\" content=\"2 minuty\" \/>\n<script type=\"application\/ld+json\" class=\"yoast-schema-graph\">{\"@context\":\"https:\/\/schema.org\",\"@graph\":[{\"@type\":\"WebPage\",\"@id\":\"https:\/\/www.hotel-astra.cz\/pl\/\",\"url\":\"https:\/\/www.hotel-astra.cz\/pl\/\",\"name\":\"Wellness hotel Astra**** &#8212; Wellness Hotel Astra &#8212;\",\"isPartOf\":{\"@id\":\"https:\/\/www.hotel-astra.cz\/pl\/#website\"},\"datePublished\":\"2022-10-25T09:08:47+00:00\",\"dateModified\":\"2026-04-07T07:07:06+00:00\",\"description\":\"Wellness Hotel Astra Szpindleruv M\u0142yn - komfortowe zakwaterowanie, nowoczesne wellness z saunami, grot\u0105 soln\u0105, basenem i doskona\u0142\u0105 kuchni\u0105\",\"breadcrumb\":{\"@id\":\"https:\/\/www.hotel-astra.cz\/pl\/#breadcrumb\"},\"inLanguage\":\"pl-PL\",\"potentialAction\":[{\"@type\":\"ReadAction\",\"target\":[\"https:\/\/www.hotel-astra.cz\/pl\/\"]}]},{\"@type\":\"BreadcrumbList\",\"@id\":\"https:\/\/www.hotel-astra.cz\/pl\/#breadcrumb\",\"itemListElement\":[{\"@type\":\"ListItem\",\"position\":1,\"name\":\"Home\",\"item\":\"https:\/\/www.hotel-astra.cz\/pl\/\"},{\"@type\":\"ListItem\",\"position\":2,\"name\":\"Wellness hotel Astra****\"}]},{\"@type\":\"WebSite\",\"@id\":\"https:\/\/www.hotel-astra.cz\/pl\/#website\",\"url\":\"https:\/\/www.hotel-astra.cz\/pl\/\",\"name\":\"Wellness Hotel Astra\",\"description\":\"Just another ms.decms.eu site\",\"potentialAction\":[{\"@type\":\"SearchAction\",\"target\":{\"@type\":\"EntryPoint\",\"urlTemplate\":\"https:\/\/www.hotel-astra.cz\/pl\/?s={search_term_string}\"},\"query-input\":{\"@type\":\"PropertyValueSpecification\",\"valueRequired\":true,\"valueName\":\"search_term_string\"}}],\"inLanguage\":\"pl-PL\"}]}<\/script>\n<!-- \/ Yoast SEO plugin. -->","yoast_head_json":{"title":"Wellness hotel Astra**** &#8212; Wellness Hotel Astra &#8212;","description":"Wellness Hotel Astra Szpindleruv M\u0142yn - komfortowe zakwaterowanie, nowoczesne wellness z saunami, grot\u0105 soln\u0105, basenem i doskona\u0142\u0105 kuchni\u0105","robots":{"index":"index","follow":"follow","max-snippet":"max-snippet:-1","max-image-preview":"max-image-preview:large","max-video-preview":"max-video-preview:-1"},"canonical":"https:\/\/www.hotel-astra.cz\/pl\/","og_locale":"pl_PL","og_type":"article","og_title":"Wellness hotel Astra**** &#8212; Wellness Hotel Astra &#8212;","og_description":"Wellness Hotel Astra Szpindleruv M\u0142yn - komfortowe zakwaterowanie, nowoczesne wellness z saunami, grot\u0105 soln\u0105, basenem i doskona\u0142\u0105 kuchni\u0105","og_url":"https:\/\/www.hotel-astra.cz\/pl\/","og_site_name":"Wellness Hotel Astra","article_modified_time":"2026-04-07T07:07:06+00:00","twitter_card":"summary_large_image","twitter_misc":{"Szacowany czas czytania":"2 minuty"},"schema":{"@context":"https:\/\/schema.org","@graph":[{"@type":"WebPage","@id":"https:\/\/www.hotel-astra.cz\/pl\/","url":"https:\/\/www.hotel-astra.cz\/pl\/","name":"Wellness hotel Astra**** &#8212; Wellness Hotel Astra &#8212;","isPartOf":{"@id":"https:\/\/www.hotel-astra.cz\/pl\/#website"},"datePublished":"2022-10-25T09:08:47+00:00","dateModified":"2026-04-07T07:07:06+00:00","description":"Wellness Hotel Astra Szpindleruv M\u0142yn - komfortowe zakwaterowanie, nowoczesne wellness z saunami, grot\u0105 soln\u0105, basenem i doskona\u0142\u0105 kuchni\u0105","breadcrumb":{"@id":"https:\/\/www.hotel-astra.cz\/pl\/#breadcrumb"},"inLanguage":"pl-PL","potentialAction":[{"@type":"ReadAction","target":["https:\/\/www.hotel-astra.cz\/pl\/"]}]},{"@type":"BreadcrumbList","@id":"https:\/\/www.hotel-astra.cz\/pl\/#breadcrumb","itemListElement":[{"@type":"ListItem","position":1,"name":"Home","item":"https:\/\/www.hotel-astra.cz\/pl\/"},{"@type":"ListItem","position":2,"name":"Wellness hotel Astra****"}]},{"@type":"WebSite","@id":"https:\/\/www.hotel-astra.cz\/pl\/#website","url":"https:\/\/www.hotel-astra.cz\/pl\/","name":"Wellness Hotel Astra","description":"Just another ms.decms.eu site","potentialAction":[{"@type":"SearchAction","target":{"@type":"EntryPoint","urlTemplate":"https:\/\/www.hotel-astra.cz\/pl\/?s={search_term_string}"},"query-input":{"@type":"PropertyValueSpecification","valueRequired":true,"valueName":"search_term_string"}}],"inLanguage":"pl-PL"}]}},"acf":[],"_links":{"self":[{"href":"https:\/\/www.hotel-astra.cz\/pl\/wp-json\/wp\/v2\/pages\/5","targetHints":{"allow":["GET"]}}],"collection":[{"href":"https:\/\/www.hotel-astra.cz\/pl\/wp-json\/wp\/v2\/pages"}],"about":[{"href":"https:\/\/www.hotel-astra.cz\/pl\/wp-json\/wp\/v2\/types\/page"}],"author":[{"embeddable":true,"href":"https:\/\/www.hotel-astra.cz\/pl\/wp-json\/wp\/v2\/users\/479"}],"replies":[{"embeddable":true,"href":"https:\/\/www.hotel-astra.cz\/pl\/wp-json\/wp\/v2\/comments?post=5"}],"version-history":[{"count":0,"href":"https:\/\/www.hotel-astra.cz\/pl\/wp-json\/wp\/v2\/pages\/5\/revisions"}],"wp:attachment":[{"href":"https:\/\/www.hotel-astra.cz\/pl\/wp-json\/wp\/v2\/media?parent=5"}],"curies":[{"name":"wp","href":"https:\/\/api.w.org\/{rel}","templated":true}]}}