{"id":1312,"date":"2025-04-25T09:41:14","date_gmt":"2025-04-25T09:41:14","guid":{"rendered":"https:\/\/www.hotel-astra.cz\/?page_id=1312"},"modified":"2025-04-25T09:42:14","modified_gmt":"2025-04-25T09:42:14","slug":"firemni-akce","status":"publish","type":"page","link":"https:\/\/www.hotel-astra.cz\/pl\/firemni-akce\/","title":{"rendered":""},"content":{"rendered":"","protected":false},"excerpt":{"rendered":"","protected":false},"author":556,"featured_media":0,"parent":0,"menu_order":25,"comment_status":"closed","ping_status":"closed","template":"","meta":{"footnotes":""},"class_list":["post-1312","page","type-page","status-publish","hentry"],"yoast_head":"<!-- This site is optimized with the Yoast SEO plugin v26.9 - https:\/\/yoast.com\/product\/yoast-seo-wordpress\/ -->\n<title>&#8212; Wellness Hotel Astra &#8212; firemni-akce<\/title>\n<meta name=\"description\" content=\"Po\u0142\u0105cz prac\u0119 z relaksem - imprezy firmowe w Hotelu Astra - nowoczesne udogodnienia, wellness, natura i relaks w jednym miejscu. %\" \/>\n<meta name=\"robots\" content=\"index, follow, max-snippet:-1, max-image-preview:large, max-video-preview:-1\" \/>\n<link rel=\"canonical\" href=\"https:\/\/www.hotel-astra.cz\/pl\/firemni-akce\/\" \/>\n<meta property=\"og:locale\" content=\"pl_PL\" \/>\n<meta property=\"og:type\" content=\"article\" \/>\n<meta property=\"og:title\" content=\"&#8212; Wellness Hotel Astra &#8212; firemni-akce\" \/>\n<meta property=\"og:description\" content=\"Po\u0142\u0105cz prac\u0119 z relaksem - imprezy firmowe w Hotelu Astra - nowoczesne udogodnienia, wellness, natura i relaks w jednym miejscu. %\" \/>\n<meta property=\"og:url\" content=\"https:\/\/www.hotel-astra.cz\/pl\/firemni-akce\/\" \/>\n<meta property=\"og:site_name\" content=\"Wellness Hotel Astra\" \/>\n<meta property=\"article:modified_time\" content=\"2025-04-25T09:42:14+00:00\" \/>\n<meta name=\"twitter:card\" content=\"summary_large_image\" \/>\n<script type=\"application\/ld+json\" class=\"yoast-schema-graph\">{\"@context\":\"https:\/\/schema.org\",\"@graph\":[{\"@type\":\"WebPage\",\"@id\":\"https:\/\/www.hotel-astra.cz\/pl\/firemni-akce\/\",\"url\":\"https:\/\/www.hotel-astra.cz\/pl\/firemni-akce\/\",\"name\":\"&#8212; Wellness Hotel Astra &#8212; firemni-akce\",\"isPartOf\":{\"@id\":\"https:\/\/www.hotel-astra.cz\/pl\/#website\"},\"datePublished\":\"2025-04-25T09:41:14+00:00\",\"dateModified\":\"2025-04-25T09:42:14+00:00\",\"description\":\"Po\u0142\u0105cz prac\u0119 z relaksem - imprezy firmowe w Hotelu Astra - nowoczesne udogodnienia, wellness, natura i relaks w jednym miejscu. %\",\"inLanguage\":\"pl-PL\",\"potentialAction\":[{\"@type\":\"ReadAction\",\"target\":[\"https:\/\/www.hotel-astra.cz\/pl\/firemni-akce\/\"]}]},{\"@type\":\"WebSite\",\"@id\":\"https:\/\/www.hotel-astra.cz\/pl\/#website\",\"url\":\"https:\/\/www.hotel-astra.cz\/pl\/\",\"name\":\"Wellness Hotel Astra\",\"description\":\"Just another ms.decms.eu site\",\"potentialAction\":[{\"@type\":\"SearchAction\",\"target\":{\"@type\":\"EntryPoint\",\"urlTemplate\":\"https:\/\/www.hotel-astra.cz\/pl\/?s={search_term_string}\"},\"query-input\":{\"@type\":\"PropertyValueSpecification\",\"valueRequired\":true,\"valueName\":\"search_term_string\"}}],\"inLanguage\":\"pl-PL\"}]}<\/script>\n<!-- \/ Yoast SEO plugin. -->","yoast_head_json":{"title":"&#8212; Wellness Hotel Astra &#8212; firemni-akce","description":"Po\u0142\u0105cz prac\u0119 z relaksem - imprezy firmowe w Hotelu Astra - nowoczesne udogodnienia, wellness, natura i relaks w jednym miejscu. %","robots":{"index":"index","follow":"follow","max-snippet":"max-snippet:-1","max-image-preview":"max-image-preview:large","max-video-preview":"max-video-preview:-1"},"canonical":"https:\/\/www.hotel-astra.cz\/pl\/firemni-akce\/","og_locale":"pl_PL","og_type":"article","og_title":"&#8212; Wellness Hotel Astra &#8212; firemni-akce","og_description":"Po\u0142\u0105cz prac\u0119 z relaksem - imprezy firmowe w Hotelu Astra - nowoczesne udogodnienia, wellness, natura i relaks w jednym miejscu. %","og_url":"https:\/\/www.hotel-astra.cz\/pl\/firemni-akce\/","og_site_name":"Wellness Hotel Astra","article_modified_time":"2025-04-25T09:42:14+00:00","twitter_card":"summary_large_image","schema":{"@context":"https:\/\/schema.org","@graph":[{"@type":"WebPage","@id":"https:\/\/www.hotel-astra.cz\/pl\/firemni-akce\/","url":"https:\/\/www.hotel-astra.cz\/pl\/firemni-akce\/","name":"&#8212; Wellness Hotel Astra &#8212; firemni-akce","isPartOf":{"@id":"https:\/\/www.hotel-astra.cz\/pl\/#website"},"datePublished":"2025-04-25T09:41:14+00:00","dateModified":"2025-04-25T09:42:14+00:00","description":"Po\u0142\u0105cz prac\u0119 z relaksem - imprezy firmowe w Hotelu Astra - nowoczesne udogodnienia, wellness, natura i relaks w jednym miejscu. %","inLanguage":"pl-PL","potentialAction":[{"@type":"ReadAction","target":["https:\/\/www.hotel-astra.cz\/pl\/firemni-akce\/"]}]},{"@type":"WebSite","@id":"https:\/\/www.hotel-astra.cz\/pl\/#website","url":"https:\/\/www.hotel-astra.cz\/pl\/","name":"Wellness Hotel Astra","description":"Just another ms.decms.eu site","potentialAction":[{"@type":"SearchAction","target":{"@type":"EntryPoint","urlTemplate":"https:\/\/www.hotel-astra.cz\/pl\/?s={search_term_string}"},"query-input":{"@type":"PropertyValueSpecification","valueRequired":true,"valueName":"search_term_string"}}],"inLanguage":"pl-PL"}]}},"acf":[],"_links":{"self":[{"href":"https:\/\/www.hotel-astra.cz\/pl\/wp-json\/wp\/v2\/pages\/1312","targetHints":{"allow":["GET"]}}],"collection":[{"href":"https:\/\/www.hotel-astra.cz\/pl\/wp-json\/wp\/v2\/pages"}],"about":[{"href":"https:\/\/www.hotel-astra.cz\/pl\/wp-json\/wp\/v2\/types\/page"}],"author":[{"embeddable":true,"href":"https:\/\/www.hotel-astra.cz\/pl\/wp-json\/wp\/v2\/users\/556"}],"replies":[{"embeddable":true,"href":"https:\/\/www.hotel-astra.cz\/pl\/wp-json\/wp\/v2\/comments?post=1312"}],"version-history":[{"count":0,"href":"https:\/\/www.hotel-astra.cz\/pl\/wp-json\/wp\/v2\/pages\/1312\/revisions"}],"wp:attachment":[{"href":"https:\/\/www.hotel-astra.cz\/pl\/wp-json\/wp\/v2\/media?parent=1312"}],"curies":[{"name":"wp","href":"https:\/\/api.w.org\/{rel}","templated":true}]}}