{"id":895,"date":"2023-11-01T09:51:06","date_gmt":"2023-11-01T09:51:06","guid":{"rendered":"https:\/\/www.hotel-astra.cz\/?page_id=895"},"modified":"2025-10-22T07:14:43","modified_gmt":"2025-10-22T07:14:43","slug":"doppelzimmer-comfort-2","status":"publish","type":"page","link":"https:\/\/www.hotel-astra.cz\/de\/unsere-zimmer\/doppelzimmer-comfort-2\/","title":{"rendered":"Doppelzimmer Comfort"},"content":{"rendered":"<p>Das\u00a0 Doppelzimmer f\u00fcr 1-2 Personen verf\u00fcgt \u00fcber ein Doppelbett.<br \/>\nDie Betten k\u00f6nnen nicht geteilt werden.<\/p>\n<p><strong>Zimmerausstattung:<\/strong><\/p>\n<ul>\n<li>Badezimmer mit Dusche, Haartrockner, Bademantel.<\/li>\n<li>Set f\u00fcr die Zubereitung von Kaffee und Tee<\/li>\n<li>K\u00fchlschrank<\/li>\n<li>LED-TV mit Satellit<\/li>\n<li>Tresor<\/li>\n<li>Kostenlose Wi-Fi-Verbindung<\/li>\n<li>Ohne Balkon<\/li>\n<\/ul>\n","protected":false},"excerpt":{"rendered":"<p>Das\u00a0 Doppelzimmer f\u00fcr 1-2 Personen verf\u00fcgt \u00fcber ein Doppelbett. Die Betten k\u00f6nnen nicht geteilt werden. Zimmerausstattung: Badezimmer mit Dusche, Haartrockner, Bademantel. Set f\u00fcr die Zubereitung von Kaffee und Tee K\u00fchlschrank LED-TV mit Satellit Tresor Kostenlose Wi-Fi-Verbindung Ohne Balkon<\/p>\n","protected":false},"author":556,"featured_media":0,"parent":331,"menu_order":3,"comment_status":"closed","ping_status":"closed","template":"template-single-room.php","meta":{"footnotes":""},"class_list":["post-895","page","type-page","status-publish","hentry"],"yoast_head":"<!-- This site is optimized with the Yoast SEO plugin v26.9 - https:\/\/yoast.com\/product\/yoast-seo-wordpress\/ -->\n<title>Doppelzimmer Comfort &#8212; Wellness Hotel Astra &#8212;<\/title>\n<meta name=\"description\" content=\"Das\u00a0 Doppelzimmer f\u00fcr 1-2 Personen verf\u00fcgt \u00fcber ein Doppelbett. Die Betten k\u00f6nnen nicht geteilt werden.  Zimmerausstattung:   Badezimmer mit Dusche, Haartrockner, Bademantel.  Set f\u00fcr die Zubereitung von Kaffee und Tee  K\u00fchlschrank  LED-TV mit Satellit  Tresor  Kostenlose Wi-Fi-Verbindung  Ohne Balkon .\" \/>\n<meta name=\"robots\" content=\"index, follow, max-snippet:-1, max-image-preview:large, max-video-preview:-1\" \/>\n<link rel=\"canonical\" href=\"https:\/\/www.hotel-astra.cz\/de\/unsere-zimmer\/doppelzimmer-comfort-2\/\" \/>\n<meta property=\"og:locale\" content=\"de_DE\" \/>\n<meta property=\"og:type\" content=\"article\" \/>\n<meta property=\"og:title\" content=\"Doppelzimmer Comfort &#8212; Wellness Hotel Astra &#8212;\" \/>\n<meta property=\"og:description\" content=\"Das\u00a0 Doppelzimmer f\u00fcr 1-2 Personen verf\u00fcgt \u00fcber ein Doppelbett. Die Betten k\u00f6nnen nicht geteilt werden.  Zimmerausstattung:   Badezimmer mit Dusche, Haartrockner, Bademantel.  Set f\u00fcr die Zubereitung von Kaffee und Tee  K\u00fchlschrank  LED-TV mit Satellit  Tresor  Kostenlose Wi-Fi-Verbindung  Ohne Balkon .\" \/>\n<meta property=\"og:url\" content=\"https:\/\/www.hotel-astra.cz\/de\/unsere-zimmer\/doppelzimmer-comfort-2\/\" \/>\n<meta property=\"og:site_name\" content=\"Wellness Hotel Astra\" \/>\n<meta property=\"article:modified_time\" content=\"2025-10-22T07:14:43+00:00\" \/>\n<meta name=\"twitter:card\" content=\"summary_large_image\" \/>\n<meta name=\"twitter:label1\" content=\"Gesch\u00e4tzte Lesezeit\" \/>\n\t<meta name=\"twitter:data1\" content=\"1 Minute\" \/>\n<script type=\"application\/ld+json\" class=\"yoast-schema-graph\">{\"@context\":\"https:\/\/schema.org\",\"@graph\":[{\"@type\":\"WebPage\",\"@id\":\"https:\/\/www.hotel-astra.cz\/de\/unsere-zimmer\/doppelzimmer-comfort-2\/\",\"url\":\"https:\/\/www.hotel-astra.cz\/de\/unsere-zimmer\/doppelzimmer-comfort-2\/\",\"name\":\"Doppelzimmer Comfort &#8212; Wellness Hotel Astra &#8212;\",\"isPartOf\":{\"@id\":\"https:\/\/www.hotel-astra.cz\/de\/#website\"},\"datePublished\":\"2023-11-01T09:51:06+00:00\",\"dateModified\":\"2025-10-22T07:14:43+00:00\",\"description\":\"Das\u00a0 Doppelzimmer f\u00fcr 1-2 Personen verf\u00fcgt \u00fcber ein Doppelbett. Die Betten k\u00f6nnen nicht geteilt werden. Zimmerausstattung: \u2022 Badezimmer mit Dusche, Haartrockner, Bademantel. \u2022 Set f\u00fcr die Zubereitung von Kaffee und Tee \u2022 K\u00fchlschrank \u2022 LED-TV mit Satellit \u2022 Tresor \u2022 Kostenlose Wi-Fi-Verbindung \u2022 Ohne Balkon .\",\"breadcrumb\":{\"@id\":\"https:\/\/www.hotel-astra.cz\/de\/unsere-zimmer\/doppelzimmer-comfort-2\/#breadcrumb\"},\"inLanguage\":\"de-DE\",\"potentialAction\":[{\"@type\":\"ReadAction\",\"target\":[\"https:\/\/www.hotel-astra.cz\/de\/unsere-zimmer\/doppelzimmer-comfort-2\/\"]}]},{\"@type\":\"BreadcrumbList\",\"@id\":\"https:\/\/www.hotel-astra.cz\/de\/unsere-zimmer\/doppelzimmer-comfort-2\/#breadcrumb\",\"itemListElement\":[{\"@type\":\"ListItem\",\"position\":1,\"name\":\"Home\",\"item\":\"https:\/\/www.hotel-astra.cz\/de\/\"},{\"@type\":\"ListItem\",\"position\":2,\"name\":\"Unsere Zimmer\",\"item\":\"https:\/\/www.hotel-astra.cz\/de\/unsere-zimmer\/\"},{\"@type\":\"ListItem\",\"position\":3,\"name\":\"Doppelzimmer Comfort\"}]},{\"@type\":\"WebSite\",\"@id\":\"https:\/\/www.hotel-astra.cz\/de\/#website\",\"url\":\"https:\/\/www.hotel-astra.cz\/de\/\",\"name\":\"Wellness Hotel Astra\",\"description\":\"Just another ms.decms.eu site\",\"potentialAction\":[{\"@type\":\"SearchAction\",\"target\":{\"@type\":\"EntryPoint\",\"urlTemplate\":\"https:\/\/www.hotel-astra.cz\/de\/?s={search_term_string}\"},\"query-input\":{\"@type\":\"PropertyValueSpecification\",\"valueRequired\":true,\"valueName\":\"search_term_string\"}}],\"inLanguage\":\"de-DE\"}]}<\/script>\n<!-- \/ Yoast SEO plugin. -->","yoast_head_json":{"title":"Doppelzimmer Comfort &#8212; Wellness Hotel Astra &#8212;","description":"Das\u00a0 Doppelzimmer f\u00fcr 1-2 Personen verf\u00fcgt \u00fcber ein Doppelbett. Die Betten k\u00f6nnen nicht geteilt werden.  Zimmerausstattung:   Badezimmer mit Dusche, Haartrockner, Bademantel.  Set f\u00fcr die Zubereitung von Kaffee und Tee  K\u00fchlschrank  LED-TV mit Satellit  Tresor  Kostenlose Wi-Fi-Verbindung  Ohne Balkon .","robots":{"index":"index","follow":"follow","max-snippet":"max-snippet:-1","max-image-preview":"max-image-preview:large","max-video-preview":"max-video-preview:-1"},"canonical":"https:\/\/www.hotel-astra.cz\/de\/unsere-zimmer\/doppelzimmer-comfort-2\/","og_locale":"de_DE","og_type":"article","og_title":"Doppelzimmer Comfort &#8212; Wellness Hotel Astra &#8212;","og_description":"Das\u00a0 Doppelzimmer f\u00fcr 1-2 Personen verf\u00fcgt \u00fcber ein Doppelbett. Die Betten k\u00f6nnen nicht geteilt werden.  Zimmerausstattung:   Badezimmer mit Dusche, Haartrockner, Bademantel.  Set f\u00fcr die Zubereitung von Kaffee und Tee  K\u00fchlschrank  LED-TV mit Satellit  Tresor  Kostenlose Wi-Fi-Verbindung  Ohne Balkon .","og_url":"https:\/\/www.hotel-astra.cz\/de\/unsere-zimmer\/doppelzimmer-comfort-2\/","og_site_name":"Wellness Hotel Astra","article_modified_time":"2025-10-22T07:14:43+00:00","twitter_card":"summary_large_image","twitter_misc":{"Gesch\u00e4tzte Lesezeit":"1 Minute"},"schema":{"@context":"https:\/\/schema.org","@graph":[{"@type":"WebPage","@id":"https:\/\/www.hotel-astra.cz\/de\/unsere-zimmer\/doppelzimmer-comfort-2\/","url":"https:\/\/www.hotel-astra.cz\/de\/unsere-zimmer\/doppelzimmer-comfort-2\/","name":"Doppelzimmer Comfort &#8212; Wellness Hotel Astra &#8212;","isPartOf":{"@id":"https:\/\/www.hotel-astra.cz\/de\/#website"},"datePublished":"2023-11-01T09:51:06+00:00","dateModified":"2025-10-22T07:14:43+00:00","description":"Das\u00a0 Doppelzimmer f\u00fcr 1-2 Personen verf\u00fcgt \u00fcber ein Doppelbett. Die Betten k\u00f6nnen nicht geteilt werden. Zimmerausstattung: \u2022 Badezimmer mit Dusche, Haartrockner, Bademantel. \u2022 Set f\u00fcr die Zubereitung von Kaffee und Tee \u2022 K\u00fchlschrank \u2022 LED-TV mit Satellit \u2022 Tresor \u2022 Kostenlose Wi-Fi-Verbindung \u2022 Ohne Balkon .","breadcrumb":{"@id":"https:\/\/www.hotel-astra.cz\/de\/unsere-zimmer\/doppelzimmer-comfort-2\/#breadcrumb"},"inLanguage":"de-DE","potentialAction":[{"@type":"ReadAction","target":["https:\/\/www.hotel-astra.cz\/de\/unsere-zimmer\/doppelzimmer-comfort-2\/"]}]},{"@type":"BreadcrumbList","@id":"https:\/\/www.hotel-astra.cz\/de\/unsere-zimmer\/doppelzimmer-comfort-2\/#breadcrumb","itemListElement":[{"@type":"ListItem","position":1,"name":"Home","item":"https:\/\/www.hotel-astra.cz\/de\/"},{"@type":"ListItem","position":2,"name":"Unsere Zimmer","item":"https:\/\/www.hotel-astra.cz\/de\/unsere-zimmer\/"},{"@type":"ListItem","position":3,"name":"Doppelzimmer Comfort"}]},{"@type":"WebSite","@id":"https:\/\/www.hotel-astra.cz\/de\/#website","url":"https:\/\/www.hotel-astra.cz\/de\/","name":"Wellness Hotel Astra","description":"Just another ms.decms.eu site","potentialAction":[{"@type":"SearchAction","target":{"@type":"EntryPoint","urlTemplate":"https:\/\/www.hotel-astra.cz\/de\/?s={search_term_string}"},"query-input":{"@type":"PropertyValueSpecification","valueRequired":true,"valueName":"search_term_string"}}],"inLanguage":"de-DE"}]}},"acf":[],"_links":{"self":[{"href":"https:\/\/www.hotel-astra.cz\/de\/wp-json\/wp\/v2\/pages\/895","targetHints":{"allow":["GET"]}}],"collection":[{"href":"https:\/\/www.hotel-astra.cz\/de\/wp-json\/wp\/v2\/pages"}],"about":[{"href":"https:\/\/www.hotel-astra.cz\/de\/wp-json\/wp\/v2\/types\/page"}],"author":[{"embeddable":true,"href":"https:\/\/www.hotel-astra.cz\/de\/wp-json\/wp\/v2\/users\/556"}],"replies":[{"embeddable":true,"href":"https:\/\/www.hotel-astra.cz\/de\/wp-json\/wp\/v2\/comments?post=895"}],"version-history":[{"count":0,"href":"https:\/\/www.hotel-astra.cz\/de\/wp-json\/wp\/v2\/pages\/895\/revisions"}],"up":[{"embeddable":true,"href":"https:\/\/www.hotel-astra.cz\/de\/wp-json\/wp\/v2\/pages\/331"}],"wp:attachment":[{"href":"https:\/\/www.hotel-astra.cz\/de\/wp-json\/wp\/v2\/media?parent=895"}],"curies":[{"name":"wp","href":"https:\/\/api.w.org\/{rel}","templated":true}]}}