{"id":414,"date":"2022-12-09T12:08:04","date_gmt":"2022-12-09T12:08:04","guid":{"rendered":"https:\/\/wellness-hotel-astra.ms.decms.eu\/?page_id=414"},"modified":"2025-05-16T12:03:49","modified_gmt":"2025-05-16T12:03:49","slug":"privacy-policy","status":"publish","type":"page","link":"https:\/\/www.hotel-astra.cz\/de\/privacy-policy\/","title":{"rendered":"Privacy Policy"},"content":{"rendered":"<p><strong>ALLGEMEINE VERTRAGSBEDINGUNGEN<\/strong><\/p>\n<p><strong>1.DIE VERTRAGSPARTEIEN (Auftragnehmer und Auftraggeber)<\/strong><\/p>\n<p><strong>Der Lieferant: <\/strong>Wellness hotel Astra ****, Bed\u0159ichov 10 543 51 \u0160pindler\u016fv Ml\u00fdn &#8211; the provider of accommodation, catering and relaxation servicesenname:<\/p>\n<p><strong>Firmenname:<\/strong>\u00a0 ASTRASERVIS, a.s. V H\u00e1j\u00edch 289\/57 149 00 Praha 4 \u2013 H\u00e1je, B 20670 veden\u00e1 u M\u011bstsk\u00e9ho soudu v Praze I\u010c: 46505105 DI\u010c: CZ46505105<\/p>\n<p><strong>Besteller der Dienstleistungen<\/strong>: \u201eGast\u201c<\/p>\n<ol start=\"2\">\n<li><strong> BUCHUNG VON DIENSTLEISTUNGEN<\/strong><\/li>\n<\/ol>\n<p>2.1. Der Besteller kann die Buchung im eigenen Interesse oder zugunsten einer dritten Person vornehmen.<\/p>\n<p>2.2. Das Hotel best\u00e4tigt die Buchung gegen\u00fcber dem Gast nach dem Erhalt der Bestellung des Gastes wie folgt: telefonisch \/ schriftlich \/ elektronisch.<\/p>\n<p>2.3. Die Bestellung hat folgende Punkte zu enthalten: Vor- und Nachname des Gastes \/ Aufenthaltstermin \/ Kontaktdaten: Telefonnummer, Anschrift des Gastes, E-Mail-Kontakt \/ Zahlungsweise f\u00fcr die Dienstleistungen \/ Anzahl der bestellten Personen \u201eG\u00e4ste\u201c einschlie\u00dflich der Anzahl der Erwachsenen und Kinder inkl. Alter \/ Art der bestellten Dienstleistungen.<\/p>\n<ol start=\"3\">\n<li><strong> PREISE UND ZAHLUNGSBEDINGUNGEN<\/strong><\/li>\n<\/ol>\n<p>3.1. Das Hotel bietet dem Gast Preise auf der Grundlage der aktuellen g\u00fcltigen Preislisten an.<\/p>\n<p>3.2. Der in der Buchungsbest\u00e4tigung angef\u00fchrte Preis ist verbindlich.<\/p>\n<p>3.3. Der Anspruch auf eine Preissenkung entsteht dem Gast nicht, sofern der Aktionspreis f\u00fcr die Unterkunft nach der Buchungsbest\u00e4tigung ver\u00f6ffentlicht wurde.<\/p>\n<p>3.4. Aktionsangebote und Erm\u00e4\u00dfigungen k\u00f6nnen nicht kombiniert werden.<\/p>\n<p>3.5. Der Gast ist verpflichtet, am letzten Tag des Aufenthaltes alle in Anspruch genommenen Hoteldienstleistungen an der Rezeption in bar oder per Zahlungskarte zu bezahlen.<\/p>\n<p>3.6. Die Bezahlung der Dienstleistungen per \u00dcberweisung ist nur auf der Grundlage einer im Voraus zugestellten schriftlichen Bestellung m\u00f6glich, die von der Buchungsabteilung best\u00e4tigt wurde. Die Rechnung ist innerhalb von 14 Tagen nach ihrer Ausstellung f\u00e4llig.<\/p>\n<p>3.7. Die Anzahlung kann wie folgt geleistet werden: in bar oder per Zahlungskarte an der Rezeption \/ per Konto\u00fcberweisung auf der Grundlage der Anzahlungsrechnung oder der im Preisangebot angef\u00fchrten Zahlungsaufforderung \/ per Zahlungskarte ohne Anwesenheit des Kunden, nach der Mitteilung der Kartennummer und -g\u00fcltigkeit.<\/p>\n<p>3.8. Auf der Grundlage der Anfrage wird das Hotel ein Preisangebot erstellen und nach der Bestellung von konkreten Dienstleistungen dem Kunden die Vorauszahlungsrechnung in H\u00f6he von 30 % -100% des Gesamtpreises f\u00fcr die Unterkunft. Die Restzahlung wird der Kunde bei de Ankunft begleichen.<\/p>\n<p>3.9. Die Anzahlung ist innerhalb von 3 Tagen zu leisten, sofern nichts anderes festgelegt oder vereinbart wird. Nach der Begleichung der Anzahlung wird die Buchung verbindlich und der Gast erh\u00e4lt innerhalb von 3 Arbeitstagen die Buchungsbest\u00e4tigung.<\/p>\n<p>3.10. Sofern der Gast die Anzahlung innerhalb der festgelegten Frist nicht begleicht, ist das Hotel berechtigt, die Buchung zu stornieren. Falls es zu einer Stornierung des Aufenthaltes kommt, verf\u00e4llt die Anzahlung zugunsten des Hotels und damit erlischt der Anspruch auf ihre R\u00fcckerstattung. Die Buchung wird zu jenem Augenblick verbindlich, an dem die Anzahlung dem Hotelkonto gutgeschrieben wird.<\/p>\n<p>3.11. Stornobedingungen: In Falle der Stornierung oder einer \u00c4nderung der Buchung vonseiten des Gastes richten wir uns nach den nachstehenden Stornobedingungen, sofern nichts anderes vereinbart wird:<\/p>\n<p>180 &#8211; 61 Tage vor der Anreise: Stornogeb\u00fchr 30% des Unterkunftspreise<\/p>\n<p>60 &#8211; 31 Tage vor der Anreise: Stornogeb\u00fchr 50% des Unterkunftspreises<\/p>\n<p>30 &#8211; 0 Tage vor der Anreise: Stornogeb\u00fchr 100% des Unterkunftspreises<\/p>\n<p>3.12. Falls der Gast seinen Aufenthalt fr\u00fcher als vereinbart beendet, ist das Hotel berechtigt, dem Gast den Betrag f\u00fcr den ganzen Aufenthalt in Rechnung zu stellen.<\/p>\n<ol start=\"4\">\n<li><strong> SCHADENSHAFTUNG<\/strong><\/li>\n<\/ol>\n<p>4.1. Im Falle der Verschmutzung des Zimmers oder des Rauchens im Zimmer wird dem Gast (auch wiederholt) eine Geb\u00fchr in H\u00f6he von 1.000 CZK verrechnet. Die \u00fcbrigen Sch\u00e4den werden je nach dem Umfang der Besch\u00e4digung verrechnet.<\/p>\n<p>4.2. Der Gast tr\u00e4gt die volle Verantwortung f\u00fcr alle w\u00e4hrend des Aufenthaltes verursachen Sch\u00e4den. Falls der Schaden durch ein Kind verursacht wurde, hat die Verantwortung der gesetzliche Vertreter zu tragen.<\/p>\n<p>4.3. Der Gast tr\u00e4gt die Verantwortung f\u00fcr alle Sch\u00e4den, die durch sein Haustier im Rahmen des Aufenthaltes verursacht werden.<\/p>\n<ol start=\"5\">\n<li><strong> ERBRACHTE DIENSTLESTUNGEN<\/strong><\/li>\n<\/ol>\n<p>5.1. Der Gast kann das Zimmer am Tag der Anreise fr\u00fchestens um 14:00 Uhr nutzen, sofern nichts anderes vereinbart wurde.<\/p>\n<p>5.2. Falls der Gast die Anzahlung leistete, ist das Hotel verpflichtet, die Reservierung des Zimmers bis 20:00 Uhr zu halten. Falls der Gast seinen Anspruch auf die gebuchten Dienstleistungen innerhalb dieser Frist nicht geltend machte, steht die geleistete Anzahlung dem Hotel in voller H\u00f6he zu, sofern nichts anderes vereinbart wurde).<\/p>\n<p>5.3. Der Gast ist verpflichtet, das Zimmer am Tag der Abreise bis 10:00 Uhr zu verlassen (Check-out). Falls der Gast das Zimmer bis 10:00 Uhr nicht verl\u00e4sst, ist das Hotel berechtigt, dem Gast eine Geb\u00fchr f\u00fcr den verl\u00e4ngerten Check-out bis 14:00 Uhr zu verrechnen \u2013 und zwar in H\u00f6he von 50 % des Betrages pro Nacht. Ab 14:00 Uhr wird ein weiterer Aufenthaltstag nach der g\u00fcltigen Preisliste verrechnet.<\/p>\n<p>5.4. Falls der Gast nur eine telefonische und keine schriftliche Bestellung hat, muss der Gast sp\u00e4testens bis 18:00 Uhr eintreffen, sofern der Gast nichts anderes vereinbart. Falls der Gast nicht eintrifft, kann das Hotel \u00fcber dieser Kapazit\u00e4t verf\u00fcgen. Falls der Gast in den Morgenstunden eintrifft \u2013 z.B. um 6:00 Uhr, ist das Hotel berechtigt, eine weitere begonnene Nacht zu verrechnen.<\/p>\n<p>5.5. Das Hotel beh\u00e4lt sich inAusnahmef\u00e4llen das Recht vor, dem Gast eine andere als urspr\u00fcnglich vereinbarte Unterkunft anzubieten.<\/p>\n<p>5.6. F\u00fcr Wertsachen, Geld etc. tr\u00e4gt das Hotel keine Verantwortung, sofern sie nicht im Hoteltresor an der Rezeption aufbewahrt wurden.<\/p>\n<p>5.7. In den gemeinsamen R\u00e4umen des Hotels d\u00fcrfen die G\u00e4ste keine eigenen Lebensmittel und Getr\u00e4nke konsumieren. Dies wird f\u00fcr eine Verletzung der allgemeinen Vertragsbedingungen gehalten, auf deren Grundlage das Hotel die Vertragsbeziehung mit dem Kunden ohne Anspruch auf die R\u00fcckerstattung beenden kann.<\/p>\n<p>5.8. Aus Sicherheitsgr\u00fcnden kann der Gast nur elektrische Ger\u00e4te, die zu seiner pers\u00f6nlichen Hygiene dienen, und ferner Notebooks und kleine elektronischeGer\u00e4te nutzen.<\/p>\n<p>5.9. Der Aufenthalt von Haustieren unterliegt einer Geb\u00fchr nach der aktuellen Preisliste. Falls der Gast das Tier im Zimmer ohne Aufsicht l\u00e4sst, hat er das Schild \u201eBitte nicht st\u00f6ren\u201c auszuh\u00e4ngen, um das Hotelpersonal nicht zu bedrohen. F\u00fcr Haustiere gilt das Verbot des Eintrittes in das Restaurant. 5.10. Auf Ersuchen des Gastes wird das Hotel die Gew\u00e4hrung der \u00e4rztlichen Hilfe oder einen Transport in das Krankenhaus vermitteln. Die damit verbundenen Kosten hat der Gast zu tragen.<\/p>\n<p>5.11. Die Vertragsbeziehung zwischen dem Gast und dem Hotel endet am Tag der Abreise durch die Bezahlung der Hotelrechnung.<\/p>\n<p>5.12. Das Hotel ist berechtigt, den Vertrag mit sofortiger G\u00fcltigkeit und ohne Anspruch des Gastes auf die R\u00fcckerstattung zu beenden und vom Vertrag zur\u00fcckzutreten, falls: es offensichtlich ist, dass der Gast unter Alkohol- oder Suchtmitteleinfluss steht \/ der Gast vors\u00e4tzlich oder fahrl\u00e4ssig das Hotelverm\u00f6gen besch\u00e4digt, oder falls sein Verhalten im Widerspruch zu den anst\u00e4ndigen Verhaltensma\u00dfregeln steht \/ der Gast andere G\u00e4ste mit seinem Verhalten bel\u00e4stigt \/ der Gesundheitszustand des Gastes die Gesundheit anderer G\u00e4ste und des Personals gef\u00e4hrdet \/ aufgrund der h\u00f6heren Gewalt.<\/p>\n<p>5.13. Das Hotel ist berechtigt, das Zimmer des Gastes w\u00e4hrend seines Aufenthaltes zu kontrollieren.<\/p>\n<p>5.14. Sobald das Hotel nach der Abreise des Gastes eine Besch\u00e4digung des Inventars im Zimmer, eine Nichtmeldung der Konsumierung von Getr\u00e4nken aus der Minibar oder eine Entwendung des Hotelverm\u00f6gens feststellt, ist das Hotel berechtigt, eine nachtr\u00e4gliche Rechnung auszustellen und diese mittels der Zahlungskarte des Gastes zu begleichen oder an die Adresse des Gastes zu schicken.<\/p>\n<ol start=\"6\">\n<li><strong> SCHUTZ PERSONENBEZOGENER DATEN<\/strong><\/li>\n<\/ol>\n<p>6.1. Der Kunde erkl\u00e4rt in \u00dcbereinstimmung mit dem Gesetz Nr. 428\/2002 GBl., \u00fcber den Schutz personenbezogener Daten, dass er mit den Rechten und Pflichten bez\u00fcglich der Einholung und Verarbeitung von personenbezogenen Daten nach diesem Gesetz bekannt gemacht wurde.<\/p>\n<p>6.2. Gleichzeitig erteilt er dem Lieferanten seine Zustimmung zur Verarbeitung von personenbezogenen, in der Bestellung angef\u00fchrten Daten zwecks der Sicherstellung und Erbringung von bestellten Dienstleistungen sowie zwecks der Erf\u00fcllung der gesetzlich festgelegten Pflichten, und zwar f\u00fcr die Dauer, die f\u00fcr die Sicherung der Rechte und Pflichten aus den Gesch\u00e4ftsbeziehungen zwischen dem Kunden und dem Lieferanten erforderlich ist.<\/p>\n<p>6.3. Der Kunde erteilt seine Zustimmung zur Einholung und Verarbeitung von gegenst\u00e4ndlichen personenbezogenen Daten auch zwecks der Marketingaktivit\u00e4ten des Lieferanten, insbesondere zwecks des Treueprogramms des Hotels (des Lieferanten), und zwar f\u00fcr die Dauer der Durchf\u00fchrung dieser Aktivit\u00e4ten.<\/p>\n<p>6.4. Der Widerruf dieser Zustimmung ist nach vorheriger Absprache beider Vertragsparteien bzw. auf der Grundlage eines schriftlichen, dem Lieferanten zugestellten Antrages des Kunden m\u00f6glich.<\/p>\n<p>7. <strong>KONTAKTPUNKT gem\u00e4\u00df DSA<\/strong><\/p>\n<p>In \u00dcbereinstimmung mit der EU-Verordnung 2022\/2065 (DSA) lautet die Kontakt-E-Mail f\u00fcr Nutzer und Beh\u00f6rden: Email: info@hotel-astra.cz<\/p>\n<p>In \u0160pindler\u016fv Ml\u00fdn, den 01.10.2022<\/p>\n<p>&nbsp;<\/p>\n<h3>Informationen zum Subjekt f\u00fcr die au\u00dfergerichtliche Beilegung von Konsumentenstreitigkeiten:<\/h3>\n<p><strong>ASTRASERVIS, a.s.<\/strong><\/p>\n<p>V H\u00e1j\u00edch 289\/57<\/p>\n<p>149 00 Praha 4 \u2013 H\u00e1je<\/p>\n<p>B 20670 veden\u00e1 u M\u011bstsk\u00e9ho soudu v Praze I\u010c: 46505105 DI\u010c: CZ46505105 d\u00e1le t\u00e9\u017e jen \u201emy\u201c.<br \/>\nE-mail: info@hotel-astra.cz<\/p>\n<p>Sollte es zwischen uns und dem Verbraucher zur Entstehung einer Konsumentenstreitigkeit aus dem Kaufvertrag oder Dienstleistungsvertrag kommen, die nicht einvernehmlich gel\u00f6st werden kann, kann der Verbraucher einen Antrag auf die au\u00dfergerichtliche Beilegung einer solchen Streitigkeit an das folgende Subjekt f\u00fcr die au\u00dfergerichtliche Beilegung von Konsumentenstreitigkeiten stellen:<br \/>\nTschechische Handelsinspektion, Zentrales Inspektorat \u2013 Abteilung ADR<br \/>\n\u0160t\u011bp\u00e1nsk\u00e1 15<br \/>\n120 00\u00a0Praha 2<br \/>\nE\u2060-\u2060Mail:\u00a0<a href=\"mailto:adr@coi.cz\" data-cke-saved-href=\"mailto:adr@coi.cz\">adr@coi.cz<\/a>, Web:\u00a0<a href=\"http:\/\/adr.coi.cz\/\" data-cke-saved-href=\"http:\/\/adr.coi.cz\/\">adr.coi.cz<\/a><br \/>\nVerbraucher k\u00f6nnen sich auch an das europ\u00e4ische Verbraucherzentrum wenden:\u00a0<a href=\"https:\/\/ec.europa.eu\/consumers\/odr\/main\/?event=main.home2.show\" target=\"_blank\" rel=\"noopener\" data-cke-saved-href=\"https:\/\/ec.europa.eu\/consumers\/odr\/main\/?event=main.home2.show\">https:\/\/ec.europa.eu\/consumers\/odr\/main\/?event=main.home2.show<\/a>.<\/p>\n<p>7. <strong>KONTAKTPUNKT gem\u00e4\u00df DSA<\/strong><\/p>\n<p>In \u00dcbereinstimmung mit der EU-Verordnung 2022\/2065 (DSA) lautet die Kontakt-E-Mail f\u00fcr Nutzer und Beh\u00f6rden: info@hotel-astra.cz<\/p>\n<p><strong>UNTERKUNFTSREGELN:<\/strong> <a href=\"https:\/\/www.hotel-astra.cz\/wp-content\/uploads\/sites\/488\/2025\/04\/A4_2025_UBYTOVACI-RAD_DE.pdf\">HIER<\/a><\/p>\n","protected":false},"excerpt":{"rendered":"<p>ALLGEMEINE VERTRAGSBEDINGUNGEN 1.DIE VERTRAGSPARTEIEN (Auftragnehmer und Auftraggeber) Der Lieferant: Wellness hotel Astra ****, Bed\u0159ichov 10 543 51 \u0160pindler\u016fv Ml\u00fdn &#8211; the provider of accommodation, catering and relaxation servicesenname: Firmenname:\u00a0 ASTRASERVIS, a.s. V H\u00e1j\u00edch 289\/57 149 00 Praha 4 \u2013 H\u00e1je, B 20670 veden\u00e1 u M\u011bstsk\u00e9ho soudu v Praze I\u010c: 46505105 DI\u010c: CZ46505105 Besteller der Dienstleistungen: [&hellip;]<\/p>\n","protected":false},"author":7,"featured_media":0,"parent":0,"menu_order":100,"comment_status":"closed","ping_status":"closed","template":"template-job.php","meta":{"footnotes":""},"class_list":["post-414","page","type-page","status-publish","hentry"],"yoast_head":"<!-- This site is optimized with the Yoast SEO plugin v26.9 - https:\/\/yoast.com\/product\/yoast-seo-wordpress\/ -->\n<title>Privacy Policy &#8212; Wellness Hotel Astra &#8212;<\/title>\n<meta name=\"description\" content=\"ALLGEMEINE VERTRAGSBEDINGUNGEN  1.DIE VERTRAGSPARTEIEN (Auftragnehmer und Auftraggeber)  Der Lieferant: Wellness hotel Astra ****, Bed\u0159ichov 10 543 51 \u0160pindler\u016fv Ml\u00fdn - the provider of accommodation, catering and relaxation servicesenname:  Firmenname:\u00a0 ASTRASERVIS, a.s. V H\u00e1j\u00edch 289\/57 149 00 Praha 4 \u2013 H\u00e1je, B 20670 veden\u00e1 u M\u011bstsk\u00e9ho soudu v Praze I\u010c: 46505105 DI\u010c: CZ46505105  Besteller der Dienstleistungen: \u201eGast\u201c    BUCHUNG VON DIENSTLEISTUNGEN  2.1\" \/>\n<meta name=\"robots\" content=\"index, follow, max-snippet:-1, max-image-preview:large, max-video-preview:-1\" \/>\n<link rel=\"canonical\" href=\"https:\/\/www.hotel-astra.cz\/de\/privacy-policy\/\" \/>\n<meta property=\"og:locale\" content=\"de_DE\" \/>\n<meta property=\"og:type\" content=\"article\" \/>\n<meta property=\"og:title\" content=\"Privacy Policy &#8212; Wellness Hotel Astra &#8212;\" \/>\n<meta property=\"og:description\" content=\"ALLGEMEINE VERTRAGSBEDINGUNGEN  1.DIE VERTRAGSPARTEIEN (Auftragnehmer und Auftraggeber)  Der Lieferant: Wellness hotel Astra ****, Bed\u0159ichov 10 543 51 \u0160pindler\u016fv Ml\u00fdn - the provider of accommodation, catering and relaxation servicesenname:  Firmenname:\u00a0 ASTRASERVIS, a.s. V H\u00e1j\u00edch 289\/57 149 00 Praha 4 \u2013 H\u00e1je, B 20670 veden\u00e1 u M\u011bstsk\u00e9ho soudu v Praze I\u010c: 46505105 DI\u010c: CZ46505105  Besteller der Dienstleistungen: \u201eGast\u201c    BUCHUNG VON DIENSTLEISTUNGEN  2.1\" \/>\n<meta property=\"og:url\" content=\"https:\/\/www.hotel-astra.cz\/de\/privacy-policy\/\" \/>\n<meta property=\"og:site_name\" content=\"Wellness Hotel Astra\" \/>\n<meta property=\"article:modified_time\" content=\"2025-05-16T12:03:49+00:00\" \/>\n<meta name=\"twitter:card\" content=\"summary_large_image\" \/>\n<meta name=\"twitter:label1\" content=\"Gesch\u00e4tzte Lesezeit\" \/>\n\t<meta name=\"twitter:data1\" content=\"9 Minuten\" \/>\n<script type=\"application\/ld+json\" class=\"yoast-schema-graph\">{\"@context\":\"https:\/\/schema.org\",\"@graph\":[{\"@type\":\"WebPage\",\"@id\":\"https:\/\/www.hotel-astra.cz\/de\/privacy-policy\/\",\"url\":\"https:\/\/www.hotel-astra.cz\/de\/privacy-policy\/\",\"name\":\"Privacy Policy &#8212; Wellness Hotel Astra &#8212;\",\"isPartOf\":{\"@id\":\"https:\/\/www.hotel-astra.cz\/de\/#website\"},\"datePublished\":\"2022-12-09T12:08:04+00:00\",\"dateModified\":\"2025-05-16T12:03:49+00:00\",\"description\":\"ALLGEMEINE VERTRAGSBEDINGUNGEN 1.DIE VERTRAGSPARTEIEN (Auftragnehmer und Auftraggeber) Der Lieferant: Wellness hotel Astra ****, Bed\u0159ichov 10 543 51 \u0160pindler\u016fv Ml\u00fdn - the provider of accommodation, catering and relaxation servicesenname: Firmenname:\u00a0 ASTRASERVIS, a.s. V H\u00e1j\u00edch 289\/57 149 00 Praha 4 \u2013 H\u00e1je, B 20670 veden\u00e1 u M\u011bstsk\u00e9ho soudu v Praze I\u010c: 46505105 DI\u010c: CZ46505105 Besteller der Dienstleistungen: \u201eGast\u201c \u2022 BUCHUNG VON DIENSTLEISTUNGEN 2.1\",\"breadcrumb\":{\"@id\":\"https:\/\/www.hotel-astra.cz\/de\/privacy-policy\/#breadcrumb\"},\"inLanguage\":\"de-DE\",\"potentialAction\":[{\"@type\":\"ReadAction\",\"target\":[\"https:\/\/www.hotel-astra.cz\/de\/privacy-policy\/\"]}]},{\"@type\":\"BreadcrumbList\",\"@id\":\"https:\/\/www.hotel-astra.cz\/de\/privacy-policy\/#breadcrumb\",\"itemListElement\":[{\"@type\":\"ListItem\",\"position\":1,\"name\":\"Home\",\"item\":\"https:\/\/www.hotel-astra.cz\/de\/\"},{\"@type\":\"ListItem\",\"position\":2,\"name\":\"Privacy Policy\"}]},{\"@type\":\"WebSite\",\"@id\":\"https:\/\/www.hotel-astra.cz\/de\/#website\",\"url\":\"https:\/\/www.hotel-astra.cz\/de\/\",\"name\":\"Wellness Hotel Astra\",\"description\":\"Just another ms.decms.eu site\",\"potentialAction\":[{\"@type\":\"SearchAction\",\"target\":{\"@type\":\"EntryPoint\",\"urlTemplate\":\"https:\/\/www.hotel-astra.cz\/de\/?s={search_term_string}\"},\"query-input\":{\"@type\":\"PropertyValueSpecification\",\"valueRequired\":true,\"valueName\":\"search_term_string\"}}],\"inLanguage\":\"de-DE\"}]}<\/script>\n<!-- \/ Yoast SEO plugin. -->","yoast_head_json":{"title":"Privacy Policy &#8212; Wellness Hotel Astra &#8212;","description":"ALLGEMEINE VERTRAGSBEDINGUNGEN  1.DIE VERTRAGSPARTEIEN (Auftragnehmer und Auftraggeber)  Der Lieferant: Wellness hotel Astra ****, Bed\u0159ichov 10 543 51 \u0160pindler\u016fv Ml\u00fdn - the provider of accommodation, catering and relaxation servicesenname:  Firmenname:\u00a0 ASTRASERVIS, a.s. V H\u00e1j\u00edch 289\/57 149 00 Praha 4 \u2013 H\u00e1je, B 20670 veden\u00e1 u M\u011bstsk\u00e9ho soudu v Praze I\u010c: 46505105 DI\u010c: CZ46505105  Besteller der Dienstleistungen: \u201eGast\u201c    BUCHUNG VON DIENSTLEISTUNGEN  2.1","robots":{"index":"index","follow":"follow","max-snippet":"max-snippet:-1","max-image-preview":"max-image-preview:large","max-video-preview":"max-video-preview:-1"},"canonical":"https:\/\/www.hotel-astra.cz\/de\/privacy-policy\/","og_locale":"de_DE","og_type":"article","og_title":"Privacy Policy &#8212; Wellness Hotel Astra &#8212;","og_description":"ALLGEMEINE VERTRAGSBEDINGUNGEN  1.DIE VERTRAGSPARTEIEN (Auftragnehmer und Auftraggeber)  Der Lieferant: Wellness hotel Astra ****, Bed\u0159ichov 10 543 51 \u0160pindler\u016fv Ml\u00fdn - the provider of accommodation, catering and relaxation servicesenname:  Firmenname:\u00a0 ASTRASERVIS, a.s. V H\u00e1j\u00edch 289\/57 149 00 Praha 4 \u2013 H\u00e1je, B 20670 veden\u00e1 u M\u011bstsk\u00e9ho soudu v Praze I\u010c: 46505105 DI\u010c: CZ46505105  Besteller der Dienstleistungen: \u201eGast\u201c    BUCHUNG VON DIENSTLEISTUNGEN  2.1","og_url":"https:\/\/www.hotel-astra.cz\/de\/privacy-policy\/","og_site_name":"Wellness Hotel Astra","article_modified_time":"2025-05-16T12:03:49+00:00","twitter_card":"summary_large_image","twitter_misc":{"Gesch\u00e4tzte Lesezeit":"9 Minuten"},"schema":{"@context":"https:\/\/schema.org","@graph":[{"@type":"WebPage","@id":"https:\/\/www.hotel-astra.cz\/de\/privacy-policy\/","url":"https:\/\/www.hotel-astra.cz\/de\/privacy-policy\/","name":"Privacy Policy &#8212; Wellness Hotel Astra &#8212;","isPartOf":{"@id":"https:\/\/www.hotel-astra.cz\/de\/#website"},"datePublished":"2022-12-09T12:08:04+00:00","dateModified":"2025-05-16T12:03:49+00:00","description":"ALLGEMEINE VERTRAGSBEDINGUNGEN 1.DIE VERTRAGSPARTEIEN (Auftragnehmer und Auftraggeber) Der Lieferant: Wellness hotel Astra ****, Bed\u0159ichov 10 543 51 \u0160pindler\u016fv Ml\u00fdn - the provider of accommodation, catering and relaxation servicesenname: Firmenname:\u00a0 ASTRASERVIS, a.s. V H\u00e1j\u00edch 289\/57 149 00 Praha 4 \u2013 H\u00e1je, B 20670 veden\u00e1 u M\u011bstsk\u00e9ho soudu v Praze I\u010c: 46505105 DI\u010c: CZ46505105 Besteller der Dienstleistungen: \u201eGast\u201c \u2022 BUCHUNG VON DIENSTLEISTUNGEN 2.1","breadcrumb":{"@id":"https:\/\/www.hotel-astra.cz\/de\/privacy-policy\/#breadcrumb"},"inLanguage":"de-DE","potentialAction":[{"@type":"ReadAction","target":["https:\/\/www.hotel-astra.cz\/de\/privacy-policy\/"]}]},{"@type":"BreadcrumbList","@id":"https:\/\/www.hotel-astra.cz\/de\/privacy-policy\/#breadcrumb","itemListElement":[{"@type":"ListItem","position":1,"name":"Home","item":"https:\/\/www.hotel-astra.cz\/de\/"},{"@type":"ListItem","position":2,"name":"Privacy Policy"}]},{"@type":"WebSite","@id":"https:\/\/www.hotel-astra.cz\/de\/#website","url":"https:\/\/www.hotel-astra.cz\/de\/","name":"Wellness Hotel Astra","description":"Just another ms.decms.eu site","potentialAction":[{"@type":"SearchAction","target":{"@type":"EntryPoint","urlTemplate":"https:\/\/www.hotel-astra.cz\/de\/?s={search_term_string}"},"query-input":{"@type":"PropertyValueSpecification","valueRequired":true,"valueName":"search_term_string"}}],"inLanguage":"de-DE"}]}},"acf":[],"_links":{"self":[{"href":"https:\/\/www.hotel-astra.cz\/de\/wp-json\/wp\/v2\/pages\/414","targetHints":{"allow":["GET"]}}],"collection":[{"href":"https:\/\/www.hotel-astra.cz\/de\/wp-json\/wp\/v2\/pages"}],"about":[{"href":"https:\/\/www.hotel-astra.cz\/de\/wp-json\/wp\/v2\/types\/page"}],"author":[{"embeddable":true,"href":"https:\/\/www.hotel-astra.cz\/de\/wp-json\/wp\/v2\/users\/7"}],"replies":[{"embeddable":true,"href":"https:\/\/www.hotel-astra.cz\/de\/wp-json\/wp\/v2\/comments?post=414"}],"version-history":[{"count":0,"href":"https:\/\/www.hotel-astra.cz\/de\/wp-json\/wp\/v2\/pages\/414\/revisions"}],"wp:attachment":[{"href":"https:\/\/www.hotel-astra.cz\/de\/wp-json\/wp\/v2\/media?parent=414"}],"curies":[{"name":"wp","href":"https:\/\/api.w.org\/{rel}","templated":true}]}}