{"id":381,"date":"2022-11-09T17:03:27","date_gmt":"2022-11-09T17:03:27","guid":{"rendered":"https:\/\/wellness-hotel-astra.ms.decms.eu\/aktivitaeten\/zima\/"},"modified":"2022-12-09T10:30:38","modified_gmt":"2022-12-09T10:30:38","slug":"winter-activity","status":"publish","type":"page","link":"https:\/\/www.hotel-astra.cz\/de\/aktivitaeten\/winter-activity\/","title":{"rendered":"Winter"},"content":{"rendered":"<p style=\"text-align: center;\">Spindlerm\u00fchle bietet sowohl im Sommer als auch im Winter eine F\u00fclle von Aktivit\u00e4ten.<\/p>\n","protected":false},"excerpt":{"rendered":"<p>Spindlerm\u00fchle bietet sowohl im Sommer als auch im Winter eine F\u00fclle von Aktivit\u00e4ten.<\/p>\n","protected":false},"author":479,"featured_media":0,"parent":378,"menu_order":0,"comment_status":"closed","ping_status":"closed","template":"template-default-3.php","meta":{"footnotes":""},"class_list":["post-381","page","type-page","status-publish","hentry"],"yoast_head":"<!-- This site is optimized with the Yoast SEO plugin v26.9 - https:\/\/yoast.com\/product\/yoast-seo-wordpress\/ -->\n<title>Winter &#8212; Wellness Hotel Astra &#8212;<\/title>\n<meta name=\"description\" content=\"Spindlerm\u00fchle bietet sowohl im Sommer als auch im Winter eine F\u00fclle von Aktivit\u00e4ten..\" \/>\n<meta name=\"robots\" content=\"index, follow, max-snippet:-1, max-image-preview:large, max-video-preview:-1\" \/>\n<link rel=\"canonical\" href=\"https:\/\/www.hotel-astra.cz\/de\/aktivitaeten\/winter-activity\/\" \/>\n<meta property=\"og:locale\" content=\"de_DE\" \/>\n<meta property=\"og:type\" content=\"article\" \/>\n<meta property=\"og:title\" content=\"Winter &#8212; Wellness Hotel Astra &#8212;\" \/>\n<meta property=\"og:description\" content=\"Spindlerm\u00fchle bietet sowohl im Sommer als auch im Winter eine F\u00fclle von Aktivit\u00e4ten..\" \/>\n<meta property=\"og:url\" content=\"https:\/\/www.hotel-astra.cz\/de\/aktivitaeten\/winter-activity\/\" \/>\n<meta property=\"og:site_name\" content=\"Wellness Hotel Astra\" \/>\n<meta property=\"article:modified_time\" content=\"2022-12-09T10:30:38+00:00\" \/>\n<meta name=\"twitter:card\" content=\"summary_large_image\" \/>\n<meta name=\"twitter:label1\" content=\"Gesch\u00e4tzte Lesezeit\" \/>\n\t<meta name=\"twitter:data1\" content=\"1 Minute\" \/>\n<script type=\"application\/ld+json\" class=\"yoast-schema-graph\">{\"@context\":\"https:\/\/schema.org\",\"@graph\":[{\"@type\":\"WebPage\",\"@id\":\"https:\/\/www.hotel-astra.cz\/de\/aktivitaeten\/winter-activity\/\",\"url\":\"https:\/\/www.hotel-astra.cz\/de\/aktivitaeten\/winter-activity\/\",\"name\":\"Winter &#8212; Wellness Hotel Astra &#8212;\",\"isPartOf\":{\"@id\":\"https:\/\/www.hotel-astra.cz\/de\/#website\"},\"datePublished\":\"2022-11-09T17:03:27+00:00\",\"dateModified\":\"2022-12-09T10:30:38+00:00\",\"description\":\"Spindlerm\u00fchle bietet sowohl im Sommer als auch im Winter eine F\u00fclle von Aktivit\u00e4ten. .\",\"breadcrumb\":{\"@id\":\"https:\/\/www.hotel-astra.cz\/de\/aktivitaeten\/winter-activity\/#breadcrumb\"},\"inLanguage\":\"de-DE\",\"potentialAction\":[{\"@type\":\"ReadAction\",\"target\":[\"https:\/\/www.hotel-astra.cz\/de\/aktivitaeten\/winter-activity\/\"]}]},{\"@type\":\"BreadcrumbList\",\"@id\":\"https:\/\/www.hotel-astra.cz\/de\/aktivitaeten\/winter-activity\/#breadcrumb\",\"itemListElement\":[{\"@type\":\"ListItem\",\"position\":1,\"name\":\"Home\",\"item\":\"https:\/\/www.hotel-astra.cz\/de\/\"},{\"@type\":\"ListItem\",\"position\":2,\"name\":\"Aktivit\u00e4ten\",\"item\":\"https:\/\/www.hotel-astra.cz\/de\/aktivitaeten\/\"},{\"@type\":\"ListItem\",\"position\":3,\"name\":\"Winter\"}]},{\"@type\":\"WebSite\",\"@id\":\"https:\/\/www.hotel-astra.cz\/de\/#website\",\"url\":\"https:\/\/www.hotel-astra.cz\/de\/\",\"name\":\"Wellness Hotel Astra\",\"description\":\"Just another ms.decms.eu site\",\"potentialAction\":[{\"@type\":\"SearchAction\",\"target\":{\"@type\":\"EntryPoint\",\"urlTemplate\":\"https:\/\/www.hotel-astra.cz\/de\/?s={search_term_string}\"},\"query-input\":{\"@type\":\"PropertyValueSpecification\",\"valueRequired\":true,\"valueName\":\"search_term_string\"}}],\"inLanguage\":\"de-DE\"}]}<\/script>\n<!-- \/ Yoast SEO plugin. -->","yoast_head_json":{"title":"Winter &#8212; Wellness Hotel Astra &#8212;","description":"Spindlerm\u00fchle bietet sowohl im Sommer als auch im Winter eine F\u00fclle von Aktivit\u00e4ten..","robots":{"index":"index","follow":"follow","max-snippet":"max-snippet:-1","max-image-preview":"max-image-preview:large","max-video-preview":"max-video-preview:-1"},"canonical":"https:\/\/www.hotel-astra.cz\/de\/aktivitaeten\/winter-activity\/","og_locale":"de_DE","og_type":"article","og_title":"Winter &#8212; Wellness Hotel Astra &#8212;","og_description":"Spindlerm\u00fchle bietet sowohl im Sommer als auch im Winter eine F\u00fclle von Aktivit\u00e4ten..","og_url":"https:\/\/www.hotel-astra.cz\/de\/aktivitaeten\/winter-activity\/","og_site_name":"Wellness Hotel Astra","article_modified_time":"2022-12-09T10:30:38+00:00","twitter_card":"summary_large_image","twitter_misc":{"Gesch\u00e4tzte Lesezeit":"1 Minute"},"schema":{"@context":"https:\/\/schema.org","@graph":[{"@type":"WebPage","@id":"https:\/\/www.hotel-astra.cz\/de\/aktivitaeten\/winter-activity\/","url":"https:\/\/www.hotel-astra.cz\/de\/aktivitaeten\/winter-activity\/","name":"Winter &#8212; Wellness Hotel Astra &#8212;","isPartOf":{"@id":"https:\/\/www.hotel-astra.cz\/de\/#website"},"datePublished":"2022-11-09T17:03:27+00:00","dateModified":"2022-12-09T10:30:38+00:00","description":"Spindlerm\u00fchle bietet sowohl im Sommer als auch im Winter eine F\u00fclle von Aktivit\u00e4ten. .","breadcrumb":{"@id":"https:\/\/www.hotel-astra.cz\/de\/aktivitaeten\/winter-activity\/#breadcrumb"},"inLanguage":"de-DE","potentialAction":[{"@type":"ReadAction","target":["https:\/\/www.hotel-astra.cz\/de\/aktivitaeten\/winter-activity\/"]}]},{"@type":"BreadcrumbList","@id":"https:\/\/www.hotel-astra.cz\/de\/aktivitaeten\/winter-activity\/#breadcrumb","itemListElement":[{"@type":"ListItem","position":1,"name":"Home","item":"https:\/\/www.hotel-astra.cz\/de\/"},{"@type":"ListItem","position":2,"name":"Aktivit\u00e4ten","item":"https:\/\/www.hotel-astra.cz\/de\/aktivitaeten\/"},{"@type":"ListItem","position":3,"name":"Winter"}]},{"@type":"WebSite","@id":"https:\/\/www.hotel-astra.cz\/de\/#website","url":"https:\/\/www.hotel-astra.cz\/de\/","name":"Wellness Hotel Astra","description":"Just another ms.decms.eu site","potentialAction":[{"@type":"SearchAction","target":{"@type":"EntryPoint","urlTemplate":"https:\/\/www.hotel-astra.cz\/de\/?s={search_term_string}"},"query-input":{"@type":"PropertyValueSpecification","valueRequired":true,"valueName":"search_term_string"}}],"inLanguage":"de-DE"}]}},"acf":[],"_links":{"self":[{"href":"https:\/\/www.hotel-astra.cz\/de\/wp-json\/wp\/v2\/pages\/381","targetHints":{"allow":["GET"]}}],"collection":[{"href":"https:\/\/www.hotel-astra.cz\/de\/wp-json\/wp\/v2\/pages"}],"about":[{"href":"https:\/\/www.hotel-astra.cz\/de\/wp-json\/wp\/v2\/types\/page"}],"author":[{"embeddable":true,"href":"https:\/\/www.hotel-astra.cz\/de\/wp-json\/wp\/v2\/users\/479"}],"replies":[{"embeddable":true,"href":"https:\/\/www.hotel-astra.cz\/de\/wp-json\/wp\/v2\/comments?post=381"}],"version-history":[{"count":0,"href":"https:\/\/www.hotel-astra.cz\/de\/wp-json\/wp\/v2\/pages\/381\/revisions"}],"up":[{"embeddable":true,"href":"https:\/\/www.hotel-astra.cz\/de\/wp-json\/wp\/v2\/pages\/378"}],"wp:attachment":[{"href":"https:\/\/www.hotel-astra.cz\/de\/wp-json\/wp\/v2\/media?parent=381"}],"curies":[{"name":"wp","href":"https:\/\/api.w.org\/{rel}","templated":true}]}}