{"id":361,"date":"2022-10-26T12:16:39","date_gmt":"2022-10-26T12:16:39","guid":{"rendered":"https:\/\/wellness-hotel-astra.ms.decms.eu\/wellness-centrum\/"},"modified":"2026-02-18T12:58:11","modified_gmt":"2026-02-18T12:58:11","slug":"wellness-zentrum","status":"publish","type":"page","link":"https:\/\/www.hotel-astra.cz\/de\/wellness-zentrum\/","title":{"rendered":"Wellness-Zentrum"},"content":{"rendered":"<h2 data-path-to-node=\"2\">Wellness im Hotel Astra<\/h2>\n<p data-path-to-node=\"3\">Das Wellnesszentrum des Hotels Astra bietet die ideale Regeneration nach einem Tag auf der Piste oder bei Bergwanderungen. Unsere moderne Anlage ist f\u00fcr die maximale Entspannung von K\u00f6rper und Geist konzipiert.<\/p>\n<h3 data-path-to-node=\"4\">Unser Wellnessangebot umfasst:<\/h3>\n<p data-path-to-node=\"5,0,0\"><b data-path-to-node=\"5,0,0\" data-index-in-node=\"0\">Schwimmbad:<\/b> Beheizter Innenpool (<b data-path-to-node=\"5,0,0\" data-index-in-node=\"33\">26-28\u00b0C<\/b>) mit Panorama-Ausblick und ist f\u00fcr unsere G\u00e4ste gratis<\/p>\n<p data-path-to-node=\"5,1,0\"><b data-path-to-node=\"5,1,0\" data-index-in-node=\"0\">Wellnesszone mit Saunawelt:<\/b><\/p>\n<ul>\n<li data-path-to-node=\"5,1,1,0,0\"><b data-path-to-node=\"5,1,1,0,0\" data-index-in-node=\"0\">Finnische Sauna:<\/b> Klassische Trockensauna zur tiefen Entgiftung des Organismus.<\/li>\n<li data-path-to-node=\"5,1,1,1,0\"><b data-path-to-node=\"5,1,1,1,0\" data-index-in-node=\"0\">Dampfbad:<\/b> Sanfte Anwendung mit hoher Luftfeuchtigkeit zur Entspannung der Atemwege.<\/li>\n<li data-path-to-node=\"5,1,1,2,0\"><b data-path-to-node=\"5,1,1,2,0\" data-index-in-node=\"0\">Kr\u00e4utersauna:<\/b> Entspannung bei niedrigeren Temperaturen und wohltuenden Kr\u00e4uteraromen.<\/li>\n<li data-path-to-node=\"5,2,0\"><b data-path-to-node=\"5,2,0\" data-index-in-node=\"0\">Salzgrotte:<\/b> Einzigartiges, mineralstoffreiches Mikroklima zur St\u00e4rkung des Immunsystems und der Atemwege.<\/li>\n<li data-path-to-node=\"5,3,0\"><b data-path-to-node=\"5,3,0\" data-index-in-node=\"0\">Kneipp-Pfad:<\/b> Wechselbad f\u00fcr die F\u00fc\u00dfe zur F\u00f6rderung der Durchblutung und St\u00e4rkung der Gef\u00e4\u00dfe.<\/li>\n<li data-path-to-node=\"5,4,0\"><b data-path-to-node=\"5,4,0\" data-index-in-node=\"0\">Infrarot-R\u00fcckenstrahler:<\/b> Gezielte Erw\u00e4rmung der Muskulatur entlang der Wirbels\u00e4ule.<\/li>\n<li data-path-to-node=\"5,5,0\"><b data-path-to-node=\"5,5,0\" data-index-in-node=\"0\">Ruhezone:<\/b> Ein stiller Ort zum Entspannen zwischen den Anwendungen.<\/li>\n<\/ul>\n<p data-path-to-node=\"5,6,0\"><b data-path-to-node=\"5,6,0\" data-index-in-node=\"0\">Massagen und Behandlungen:<\/b> Breites Angebot an Regenerations-, Sport- und Entspannungsmassagen durch professionelle Therapeuten.<\/p>\n<p data-path-to-node=\"5,7,0\"><b data-path-to-node=\"5,7,0\" data-index-in-node=\"0\">Privat-SPA:<\/b> Reservierung eines privaten Bereichs f\u00fcr ungest\u00f6rte Erholung m\u00f6glich.<\/p>\n<p data-path-to-node=\"5,8,0\"><b data-path-to-node=\"5,8,0\" data-index-in-node=\"0\">Privater Hydromassage-Whirlpool:<\/b> Exklusive Entspannung in privater Atmosph\u00e4re.<\/p>\n<hr data-path-to-node=\"6\" \/>\n<h3 data-path-to-node=\"7\">Praktische Informationen f\u00fcr G\u00e4ste und die \u00d6ffentlichkeit<\/h3>\n<p data-path-to-node=\"8\"><b data-path-to-node=\"8\" data-index-in-node=\"0\">\u00d6ffnungszeiten:<\/b><\/p>\n<ul data-path-to-node=\"9\">\n<li>\n<p data-path-to-node=\"9,0,0\"><b data-path-to-node=\"9,0,0\" data-index-in-node=\"0\">Pool:<\/b> t\u00e4glich von <b data-path-to-node=\"9,0,0\" data-index-in-node=\"18\">07:30 bis 21:30 Uhr<\/b><\/p>\n<\/li>\n<li>\n<p data-path-to-node=\"9,1,0\"><b data-path-to-node=\"9,1,0\" data-index-in-node=\"0\">Wellnesszone &amp; Saunawelt:<\/b> t\u00e4glich von <b data-path-to-node=\"9,1,0\" data-index-in-node=\"38\">14:00 bis 22:00 Uhr<\/b><\/p>\n<\/li>\n<li>\n<p data-path-to-node=\"9,2,0\"><b data-path-to-node=\"9,2,0\" data-index-in-node=\"0\">Privat-SPA:<\/b> t\u00e4glich von <b data-path-to-node=\"9,2,0\" data-index-in-node=\"24\">14:00 bis 21:30 Uhr<\/b><\/p>\n<\/li>\n<li>\n<p data-path-to-node=\"9,3,0\"><b data-path-to-node=\"9,3,0\" data-index-in-node=\"0\">Massagen:<\/b> t\u00e4glich von <b data-path-to-node=\"9,3,0\" data-index-in-node=\"22\">14:00 bis 22:00 Uhr<\/b><\/p>\n<\/li>\n<\/ul>\n<p data-path-to-node=\"10\"><b data-path-to-node=\"10\" data-index-in-node=\"0\">Weitere Details:<\/b><\/p>\n<ul data-path-to-node=\"11\">\n<li>\n<p data-path-to-node=\"11,0,0\"><b data-path-to-node=\"11,0,0\" data-index-in-node=\"0\">\u00d6ffentlicher Zugang:<\/b> Unser Wellnesszentrum steht auch Nicht-Hotelg\u00e4sten offen (wir empfehlen eine Reservierung im Voraus).<\/p>\n<\/li>\n<li>\n<p data-path-to-node=\"11,1,0\"><b data-path-to-node=\"11,1,0\" data-index-in-node=\"0\">Ausstattung:<\/b> Der Verleih von Handt\u00fcchern und Saunat\u00fcchern ist im Eintrittspreis enthalten.<\/p>\n<\/li>\n<\/ul>\n","protected":false},"excerpt":{"rendered":"<p>Wellness im Hotel Astra Das Wellnesszentrum des Hotels Astra bietet die ideale Regeneration nach einem Tag auf der Piste oder bei Bergwanderungen. Unsere moderne Anlage ist f\u00fcr die maximale Entspannung von K\u00f6rper und Geist konzipiert. Unser Wellnessangebot umfasst: Schwimmbad: Beheizter Innenpool (26-28\u00b0C) mit Panorama-Ausblick und ist f\u00fcr unsere G\u00e4ste gratis Wellnesszone mit Saunawelt: Finnische Sauna: [&hellip;]<\/p>\n","protected":false},"author":479,"featured_media":0,"parent":0,"menu_order":12,"comment_status":"closed","ping_status":"closed","template":"template-spa.php","meta":{"footnotes":""},"class_list":["post-361","page","type-page","status-publish","hentry"],"yoast_head":"<!-- This site is optimized with the Yoast SEO plugin v26.9 - https:\/\/yoast.com\/product\/yoast-seo-wordpress\/ -->\n<title>Wellness-Zentrum &#8212; Wellness Hotel Astra &#8212;<\/title>\n<meta name=\"description\" content=\"Das Wellness-Hotel Astra ist eines der besten Wellness-Hotels im Riesengebirge und verf\u00fcgt einen gro\u00dfz\u00fcgigen Wellnessberich mit Saunas...\" \/>\n<meta name=\"robots\" content=\"index, follow, max-snippet:-1, max-image-preview:large, max-video-preview:-1\" \/>\n<link rel=\"canonical\" href=\"https:\/\/www.hotel-astra.cz\/de\/wellness-zentrum\/\" \/>\n<meta property=\"og:locale\" content=\"de_DE\" \/>\n<meta property=\"og:type\" content=\"article\" \/>\n<meta property=\"og:title\" content=\"Wellness-Zentrum &#8212; Wellness Hotel Astra &#8212;\" \/>\n<meta property=\"og:description\" content=\"Das Wellness-Hotel Astra ist eines der besten Wellness-Hotels im Riesengebirge und verf\u00fcgt einen gro\u00dfz\u00fcgigen Wellnessberich mit Saunas...\" \/>\n<meta property=\"og:url\" content=\"https:\/\/www.hotel-astra.cz\/de\/wellness-zentrum\/\" \/>\n<meta property=\"og:site_name\" content=\"Wellness Hotel Astra\" \/>\n<meta property=\"article:modified_time\" content=\"2026-02-18T12:58:11+00:00\" \/>\n<meta name=\"twitter:card\" content=\"summary_large_image\" \/>\n<meta name=\"twitter:label1\" content=\"Gesch\u00e4tzte Lesezeit\" \/>\n\t<meta name=\"twitter:data1\" content=\"2 Minuten\" \/>\n<script type=\"application\/ld+json\" class=\"yoast-schema-graph\">{\"@context\":\"https:\/\/schema.org\",\"@graph\":[{\"@type\":\"WebPage\",\"@id\":\"https:\/\/www.hotel-astra.cz\/de\/wellness-zentrum\/\",\"url\":\"https:\/\/www.hotel-astra.cz\/de\/wellness-zentrum\/\",\"name\":\"Wellness-Zentrum &#8212; Wellness Hotel Astra &#8212;\",\"isPartOf\":{\"@id\":\"https:\/\/www.hotel-astra.cz\/de\/#website\"},\"datePublished\":\"2022-10-26T12:16:39+00:00\",\"dateModified\":\"2026-02-18T12:58:11+00:00\",\"description\":\"Das Wellness-Hotel Astra ist eines der besten Wellness-Hotels im Riesengebirge und verf\u00fcgt einen gro\u00dfz\u00fcgigen Wellnessberich mit Saunas...\",\"breadcrumb\":{\"@id\":\"https:\/\/www.hotel-astra.cz\/de\/wellness-zentrum\/#breadcrumb\"},\"inLanguage\":\"de-DE\",\"potentialAction\":[{\"@type\":\"ReadAction\",\"target\":[\"https:\/\/www.hotel-astra.cz\/de\/wellness-zentrum\/\"]}]},{\"@type\":\"BreadcrumbList\",\"@id\":\"https:\/\/www.hotel-astra.cz\/de\/wellness-zentrum\/#breadcrumb\",\"itemListElement\":[{\"@type\":\"ListItem\",\"position\":1,\"name\":\"Home\",\"item\":\"https:\/\/www.hotel-astra.cz\/de\/\"},{\"@type\":\"ListItem\",\"position\":2,\"name\":\"Wellness-Zentrum\"}]},{\"@type\":\"WebSite\",\"@id\":\"https:\/\/www.hotel-astra.cz\/de\/#website\",\"url\":\"https:\/\/www.hotel-astra.cz\/de\/\",\"name\":\"Wellness Hotel Astra\",\"description\":\"Just another ms.decms.eu site\",\"potentialAction\":[{\"@type\":\"SearchAction\",\"target\":{\"@type\":\"EntryPoint\",\"urlTemplate\":\"https:\/\/www.hotel-astra.cz\/de\/?s={search_term_string}\"},\"query-input\":{\"@type\":\"PropertyValueSpecification\",\"valueRequired\":true,\"valueName\":\"search_term_string\"}}],\"inLanguage\":\"de-DE\"}]}<\/script>\n<!-- \/ Yoast SEO plugin. -->","yoast_head_json":{"title":"Wellness-Zentrum &#8212; Wellness Hotel Astra &#8212;","description":"Das Wellness-Hotel Astra ist eines der besten Wellness-Hotels im Riesengebirge und verf\u00fcgt einen gro\u00dfz\u00fcgigen Wellnessberich mit Saunas...","robots":{"index":"index","follow":"follow","max-snippet":"max-snippet:-1","max-image-preview":"max-image-preview:large","max-video-preview":"max-video-preview:-1"},"canonical":"https:\/\/www.hotel-astra.cz\/de\/wellness-zentrum\/","og_locale":"de_DE","og_type":"article","og_title":"Wellness-Zentrum &#8212; Wellness Hotel Astra &#8212;","og_description":"Das Wellness-Hotel Astra ist eines der besten Wellness-Hotels im Riesengebirge und verf\u00fcgt einen gro\u00dfz\u00fcgigen Wellnessberich mit Saunas...","og_url":"https:\/\/www.hotel-astra.cz\/de\/wellness-zentrum\/","og_site_name":"Wellness Hotel Astra","article_modified_time":"2026-02-18T12:58:11+00:00","twitter_card":"summary_large_image","twitter_misc":{"Gesch\u00e4tzte Lesezeit":"2 Minuten"},"schema":{"@context":"https:\/\/schema.org","@graph":[{"@type":"WebPage","@id":"https:\/\/www.hotel-astra.cz\/de\/wellness-zentrum\/","url":"https:\/\/www.hotel-astra.cz\/de\/wellness-zentrum\/","name":"Wellness-Zentrum &#8212; Wellness Hotel Astra &#8212;","isPartOf":{"@id":"https:\/\/www.hotel-astra.cz\/de\/#website"},"datePublished":"2022-10-26T12:16:39+00:00","dateModified":"2026-02-18T12:58:11+00:00","description":"Das Wellness-Hotel Astra ist eines der besten Wellness-Hotels im Riesengebirge und verf\u00fcgt einen gro\u00dfz\u00fcgigen Wellnessberich mit Saunas...","breadcrumb":{"@id":"https:\/\/www.hotel-astra.cz\/de\/wellness-zentrum\/#breadcrumb"},"inLanguage":"de-DE","potentialAction":[{"@type":"ReadAction","target":["https:\/\/www.hotel-astra.cz\/de\/wellness-zentrum\/"]}]},{"@type":"BreadcrumbList","@id":"https:\/\/www.hotel-astra.cz\/de\/wellness-zentrum\/#breadcrumb","itemListElement":[{"@type":"ListItem","position":1,"name":"Home","item":"https:\/\/www.hotel-astra.cz\/de\/"},{"@type":"ListItem","position":2,"name":"Wellness-Zentrum"}]},{"@type":"WebSite","@id":"https:\/\/www.hotel-astra.cz\/de\/#website","url":"https:\/\/www.hotel-astra.cz\/de\/","name":"Wellness Hotel Astra","description":"Just another ms.decms.eu site","potentialAction":[{"@type":"SearchAction","target":{"@type":"EntryPoint","urlTemplate":"https:\/\/www.hotel-astra.cz\/de\/?s={search_term_string}"},"query-input":{"@type":"PropertyValueSpecification","valueRequired":true,"valueName":"search_term_string"}}],"inLanguage":"de-DE"}]}},"acf":[],"_links":{"self":[{"href":"https:\/\/www.hotel-astra.cz\/de\/wp-json\/wp\/v2\/pages\/361","targetHints":{"allow":["GET"]}}],"collection":[{"href":"https:\/\/www.hotel-astra.cz\/de\/wp-json\/wp\/v2\/pages"}],"about":[{"href":"https:\/\/www.hotel-astra.cz\/de\/wp-json\/wp\/v2\/types\/page"}],"author":[{"embeddable":true,"href":"https:\/\/www.hotel-astra.cz\/de\/wp-json\/wp\/v2\/users\/479"}],"replies":[{"embeddable":true,"href":"https:\/\/www.hotel-astra.cz\/de\/wp-json\/wp\/v2\/comments?post=361"}],"version-history":[{"count":0,"href":"https:\/\/www.hotel-astra.cz\/de\/wp-json\/wp\/v2\/pages\/361\/revisions"}],"wp:attachment":[{"href":"https:\/\/www.hotel-astra.cz\/de\/wp-json\/wp\/v2\/media?parent=361"}],"curies":[{"name":"wp","href":"https:\/\/api.w.org\/{rel}","templated":true}]}}