{"id":328,"date":"2022-10-26T10:58:41","date_gmt":"2022-10-26T10:58:41","guid":{"rendered":"https:\/\/wellness-hotel-astra.ms.decms.eu\/o-nas\/"},"modified":"2025-12-27T07:43:47","modified_gmt":"2025-12-27T07:43:47","slug":"ueber-uns","status":"publish","type":"page","link":"https:\/\/www.hotel-astra.cz\/de\/ueber-uns\/","title":{"rendered":"\u00dcber Uns"},"content":{"rendered":"<p>Das Wellness Hotel Astra **** ist ein angenehmes Wellness-Hotel im Herzen des Riesengebirges, auf einer H\u00f6he von 800 m \u00fcber dem Meeresspiegel.<\/p>\n<p><strong>Im Winter ben\u00f6tigen Sie \u201eWinterketten\u201c im Auto.<\/strong><\/p>\n<p>Das Hotel ist etwa 15 Minuten zu Fu\u00df vom Zentrum von Spindlerm\u00fchle entfernt.<br \/>\nDas gesamte Hotel ist ein Nichtraucherhotel.<br \/>\nKinder unter 1,99 Jahren \u00fcbernachten kostenlos mit zwei Erwachsenen.<br \/>\n<strong>Vierbeinige Haustiere<\/strong> k\u00f6nnen f\u00fcr 600,- CZK\/Nacht untergebracht werden <strong>und haben keinen Zugang zum Restaurant.<\/strong><\/p>\n<p>Sie k\u00f6nnen uns aus dem FKSP-Fonds bezahlen.<\/p>\n","protected":false},"excerpt":{"rendered":"<p>Das Wellness Hotel Astra **** ist ein angenehmes Wellness-Hotel im Herzen des Riesengebirges, auf einer H\u00f6he von 800 m \u00fcber dem Meeresspiegel. Im Winter ben\u00f6tigen Sie \u201eWinterketten\u201c im Auto. Das Hotel ist etwa 15 Minuten zu Fu\u00df vom Zentrum von Spindlerm\u00fchle entfernt. Das gesamte Hotel ist ein Nichtraucherhotel. Kinder unter 1,99 Jahren \u00fcbernachten kostenlos mit [&hellip;]<\/p>\n","protected":false},"author":479,"featured_media":0,"parent":0,"menu_order":2,"comment_status":"closed","ping_status":"closed","template":"","meta":{"footnotes":""},"class_list":["post-328","page","type-page","status-publish","hentry"],"yoast_head":"<!-- This site is optimized with the Yoast SEO plugin v26.9 - https:\/\/yoast.com\/product\/yoast-seo-wordpress\/ -->\n<title>\u00dcber Uns &#8212; Wellness Hotel Astra &#8212;<\/title>\n<meta name=\"description\" content=\"Das Wellnesshotel Astra ist ein 4-Sterne-Wellnesshotel im Riesengebirges und etwa 15 Minuten zu Fu\u00df vom Zentrum von Spindlerm\u00fchle entfernt.\" \/>\n<meta name=\"robots\" content=\"index, follow, max-snippet:-1, max-image-preview:large, max-video-preview:-1\" \/>\n<link rel=\"canonical\" href=\"https:\/\/www.hotel-astra.cz\/de\/ueber-uns\/\" \/>\n<meta property=\"og:locale\" content=\"de_DE\" \/>\n<meta property=\"og:type\" content=\"article\" \/>\n<meta property=\"og:title\" content=\"\u00dcber Uns &#8212; Wellness Hotel Astra &#8212;\" \/>\n<meta property=\"og:description\" content=\"Das Wellnesshotel Astra ist ein 4-Sterne-Wellnesshotel im Riesengebirges und etwa 15 Minuten zu Fu\u00df vom Zentrum von Spindlerm\u00fchle entfernt.\" \/>\n<meta property=\"og:url\" content=\"https:\/\/www.hotel-astra.cz\/de\/ueber-uns\/\" \/>\n<meta property=\"og:site_name\" content=\"Wellness Hotel Astra\" \/>\n<meta property=\"article:modified_time\" content=\"2025-12-27T07:43:47+00:00\" \/>\n<meta name=\"twitter:card\" content=\"summary_large_image\" \/>\n<meta name=\"twitter:label1\" content=\"Gesch\u00e4tzte Lesezeit\" \/>\n\t<meta name=\"twitter:data1\" content=\"1 Minute\" \/>\n<script type=\"application\/ld+json\" class=\"yoast-schema-graph\">{\"@context\":\"https:\/\/schema.org\",\"@graph\":[{\"@type\":\"WebPage\",\"@id\":\"https:\/\/www.hotel-astra.cz\/de\/ueber-uns\/\",\"url\":\"https:\/\/www.hotel-astra.cz\/de\/ueber-uns\/\",\"name\":\"\u00dcber Uns &#8212; Wellness Hotel Astra &#8212;\",\"isPartOf\":{\"@id\":\"https:\/\/www.hotel-astra.cz\/de\/#website\"},\"datePublished\":\"2022-10-26T10:58:41+00:00\",\"dateModified\":\"2025-12-27T07:43:47+00:00\",\"description\":\"Das Wellnesshotel Astra ist ein 4-Sterne-Wellnesshotel im Riesengebirges und etwa 15 Minuten zu Fu\u00df vom Zentrum von Spindlerm\u00fchle entfernt.\",\"breadcrumb\":{\"@id\":\"https:\/\/www.hotel-astra.cz\/de\/ueber-uns\/#breadcrumb\"},\"inLanguage\":\"de-DE\",\"potentialAction\":[{\"@type\":\"ReadAction\",\"target\":[\"https:\/\/www.hotel-astra.cz\/de\/ueber-uns\/\"]}]},{\"@type\":\"BreadcrumbList\",\"@id\":\"https:\/\/www.hotel-astra.cz\/de\/ueber-uns\/#breadcrumb\",\"itemListElement\":[{\"@type\":\"ListItem\",\"position\":1,\"name\":\"Home\",\"item\":\"https:\/\/www.hotel-astra.cz\/de\/\"},{\"@type\":\"ListItem\",\"position\":2,\"name\":\"\u00dcber Uns\"}]},{\"@type\":\"WebSite\",\"@id\":\"https:\/\/www.hotel-astra.cz\/de\/#website\",\"url\":\"https:\/\/www.hotel-astra.cz\/de\/\",\"name\":\"Wellness Hotel Astra\",\"description\":\"Just another ms.decms.eu site\",\"potentialAction\":[{\"@type\":\"SearchAction\",\"target\":{\"@type\":\"EntryPoint\",\"urlTemplate\":\"https:\/\/www.hotel-astra.cz\/de\/?s={search_term_string}\"},\"query-input\":{\"@type\":\"PropertyValueSpecification\",\"valueRequired\":true,\"valueName\":\"search_term_string\"}}],\"inLanguage\":\"de-DE\"}]}<\/script>\n<!-- \/ Yoast SEO plugin. -->","yoast_head_json":{"title":"\u00dcber Uns &#8212; Wellness Hotel Astra &#8212;","description":"Das Wellnesshotel Astra ist ein 4-Sterne-Wellnesshotel im Riesengebirges und etwa 15 Minuten zu Fu\u00df vom Zentrum von Spindlerm\u00fchle entfernt.","robots":{"index":"index","follow":"follow","max-snippet":"max-snippet:-1","max-image-preview":"max-image-preview:large","max-video-preview":"max-video-preview:-1"},"canonical":"https:\/\/www.hotel-astra.cz\/de\/ueber-uns\/","og_locale":"de_DE","og_type":"article","og_title":"\u00dcber Uns &#8212; Wellness Hotel Astra &#8212;","og_description":"Das Wellnesshotel Astra ist ein 4-Sterne-Wellnesshotel im Riesengebirges und etwa 15 Minuten zu Fu\u00df vom Zentrum von Spindlerm\u00fchle entfernt.","og_url":"https:\/\/www.hotel-astra.cz\/de\/ueber-uns\/","og_site_name":"Wellness Hotel Astra","article_modified_time":"2025-12-27T07:43:47+00:00","twitter_card":"summary_large_image","twitter_misc":{"Gesch\u00e4tzte Lesezeit":"1 Minute"},"schema":{"@context":"https:\/\/schema.org","@graph":[{"@type":"WebPage","@id":"https:\/\/www.hotel-astra.cz\/de\/ueber-uns\/","url":"https:\/\/www.hotel-astra.cz\/de\/ueber-uns\/","name":"\u00dcber Uns &#8212; Wellness Hotel Astra &#8212;","isPartOf":{"@id":"https:\/\/www.hotel-astra.cz\/de\/#website"},"datePublished":"2022-10-26T10:58:41+00:00","dateModified":"2025-12-27T07:43:47+00:00","description":"Das Wellnesshotel Astra ist ein 4-Sterne-Wellnesshotel im Riesengebirges und etwa 15 Minuten zu Fu\u00df vom Zentrum von Spindlerm\u00fchle entfernt.","breadcrumb":{"@id":"https:\/\/www.hotel-astra.cz\/de\/ueber-uns\/#breadcrumb"},"inLanguage":"de-DE","potentialAction":[{"@type":"ReadAction","target":["https:\/\/www.hotel-astra.cz\/de\/ueber-uns\/"]}]},{"@type":"BreadcrumbList","@id":"https:\/\/www.hotel-astra.cz\/de\/ueber-uns\/#breadcrumb","itemListElement":[{"@type":"ListItem","position":1,"name":"Home","item":"https:\/\/www.hotel-astra.cz\/de\/"},{"@type":"ListItem","position":2,"name":"\u00dcber Uns"}]},{"@type":"WebSite","@id":"https:\/\/www.hotel-astra.cz\/de\/#website","url":"https:\/\/www.hotel-astra.cz\/de\/","name":"Wellness Hotel Astra","description":"Just another ms.decms.eu site","potentialAction":[{"@type":"SearchAction","target":{"@type":"EntryPoint","urlTemplate":"https:\/\/www.hotel-astra.cz\/de\/?s={search_term_string}"},"query-input":{"@type":"PropertyValueSpecification","valueRequired":true,"valueName":"search_term_string"}}],"inLanguage":"de-DE"}]}},"acf":[],"_links":{"self":[{"href":"https:\/\/www.hotel-astra.cz\/de\/wp-json\/wp\/v2\/pages\/328","targetHints":{"allow":["GET"]}}],"collection":[{"href":"https:\/\/www.hotel-astra.cz\/de\/wp-json\/wp\/v2\/pages"}],"about":[{"href":"https:\/\/www.hotel-astra.cz\/de\/wp-json\/wp\/v2\/types\/page"}],"author":[{"embeddable":true,"href":"https:\/\/www.hotel-astra.cz\/de\/wp-json\/wp\/v2\/users\/479"}],"replies":[{"embeddable":true,"href":"https:\/\/www.hotel-astra.cz\/de\/wp-json\/wp\/v2\/comments?post=328"}],"version-history":[{"count":0,"href":"https:\/\/www.hotel-astra.cz\/de\/wp-json\/wp\/v2\/pages\/328\/revisions"}],"wp:attachment":[{"href":"https:\/\/www.hotel-astra.cz\/de\/wp-json\/wp\/v2\/media?parent=328"}],"curies":[{"name":"wp","href":"https:\/\/api.w.org\/{rel}","templated":true}]}}