{"id":1370,"date":"2025-08-08T07:34:52","date_gmt":"2025-08-08T07:34:52","guid":{"rendered":"https:\/\/www.hotel-astra.cz\/?page_id=1370"},"modified":"2025-08-08T10:05:20","modified_gmt":"2025-08-08T10:05:20","slug":"zusammenarbeit-mit-dem-chefkoch-dalibor-navratil","status":"publish","type":"page","link":"https:\/\/www.hotel-astra.cz\/de\/restaurant-und-lobby-bar\/zusammenarbeit-mit-dem-chefkoch-dalibor-navratil\/","title":{"rendered":"Zusammenarbeit mit dem Chefkoch Dalibor Navr\u00e1til"},"content":{"rendered":"","protected":false},"excerpt":{"rendered":"","protected":false},"author":556,"featured_media":0,"parent":365,"menu_order":0,"comment_status":"closed","ping_status":"closed","template":"","meta":{"footnotes":""},"class_list":["post-1370","page","type-page","status-publish","hentry"],"yoast_head":"<!-- This site is optimized with the Yoast SEO plugin v26.9 - https:\/\/yoast.com\/product\/yoast-seo-wordpress\/ -->\n<title>Zusammenarbeit mit dem Chefkoch Dalibor Navr\u00e1til &#8212; Wellness Hotel Astra &#8212;<\/title>\n<meta name=\"description\" content=\"Wir arbeiten mit dem Chefkoch Dalibor Navr\u00e1til zusammen. Dalibor ist aus der Welt der Spitzen-Gastronomie bekannt. Sein kreativer Ansatz f\u00fcr gesundes und schmackhaftes Kochen passt perfekt zu unserer Philosophie.\" \/>\n<meta name=\"robots\" content=\"index, follow, max-snippet:-1, max-image-preview:large, max-video-preview:-1\" \/>\n<link rel=\"canonical\" href=\"https:\/\/www.hotel-astra.cz\/de\/restaurant-und-lobby-bar\/zusammenarbeit-mit-dem-chefkoch-dalibor-navratil\/\" \/>\n<meta property=\"og:locale\" content=\"de_DE\" \/>\n<meta property=\"og:type\" content=\"article\" \/>\n<meta property=\"og:title\" content=\"Zusammenarbeit mit dem Chefkoch Dalibor Navr\u00e1til &#8212; Wellness Hotel Astra &#8212;\" \/>\n<meta property=\"og:description\" content=\"Wir arbeiten mit dem Chefkoch Dalibor Navr\u00e1til zusammen. Dalibor ist aus der Welt der Spitzen-Gastronomie bekannt. Sein kreativer Ansatz f\u00fcr gesundes und schmackhaftes Kochen passt perfekt zu unserer Philosophie.\" \/>\n<meta property=\"og:url\" content=\"https:\/\/www.hotel-astra.cz\/de\/restaurant-und-lobby-bar\/zusammenarbeit-mit-dem-chefkoch-dalibor-navratil\/\" \/>\n<meta property=\"og:site_name\" content=\"Wellness Hotel Astra\" \/>\n<meta property=\"article:modified_time\" content=\"2025-08-08T10:05:20+00:00\" \/>\n<meta name=\"twitter:card\" content=\"summary_large_image\" \/>\n<script type=\"application\/ld+json\" class=\"yoast-schema-graph\">{\"@context\":\"https:\/\/schema.org\",\"@graph\":[{\"@type\":\"WebPage\",\"@id\":\"https:\/\/www.hotel-astra.cz\/de\/restaurant-und-lobby-bar\/zusammenarbeit-mit-dem-chefkoch-dalibor-navratil\/\",\"url\":\"https:\/\/www.hotel-astra.cz\/de\/restaurant-und-lobby-bar\/zusammenarbeit-mit-dem-chefkoch-dalibor-navratil\/\",\"name\":\"Zusammenarbeit mit dem Chefkoch Dalibor Navr\u00e1til &#8212; Wellness Hotel Astra &#8212;\",\"isPartOf\":{\"@id\":\"https:\/\/www.hotel-astra.cz\/de\/#website\"},\"datePublished\":\"2025-08-08T07:34:52+00:00\",\"dateModified\":\"2025-08-08T10:05:20+00:00\",\"description\":\"Wir arbeiten mit dem Chefkoch Dalibor Navr\u00e1til zusammen. Dalibor ist aus der Welt der Spitzen-Gastronomie bekannt. Sein kreativer Ansatz f\u00fcr gesundes und schmackhaftes Kochen passt perfekt zu unserer Philosophie.\",\"breadcrumb\":{\"@id\":\"https:\/\/www.hotel-astra.cz\/de\/restaurant-und-lobby-bar\/zusammenarbeit-mit-dem-chefkoch-dalibor-navratil\/#breadcrumb\"},\"inLanguage\":\"de-DE\",\"potentialAction\":[{\"@type\":\"ReadAction\",\"target\":[\"https:\/\/www.hotel-astra.cz\/de\/restaurant-und-lobby-bar\/zusammenarbeit-mit-dem-chefkoch-dalibor-navratil\/\"]}]},{\"@type\":\"BreadcrumbList\",\"@id\":\"https:\/\/www.hotel-astra.cz\/de\/restaurant-und-lobby-bar\/zusammenarbeit-mit-dem-chefkoch-dalibor-navratil\/#breadcrumb\",\"itemListElement\":[{\"@type\":\"ListItem\",\"position\":1,\"name\":\"Home\",\"item\":\"https:\/\/www.hotel-astra.cz\/de\/\"},{\"@type\":\"ListItem\",\"position\":2,\"name\":\"Restaurant und Lobby Bar\",\"item\":\"https:\/\/www.hotel-astra.cz\/de\/restaurant-und-lobby-bar\/\"},{\"@type\":\"ListItem\",\"position\":3,\"name\":\"Zusammenarbeit mit dem Chefkoch Dalibor Navr\u00e1til\"}]},{\"@type\":\"WebSite\",\"@id\":\"https:\/\/www.hotel-astra.cz\/de\/#website\",\"url\":\"https:\/\/www.hotel-astra.cz\/de\/\",\"name\":\"Wellness Hotel Astra\",\"description\":\"Just another ms.decms.eu site\",\"potentialAction\":[{\"@type\":\"SearchAction\",\"target\":{\"@type\":\"EntryPoint\",\"urlTemplate\":\"https:\/\/www.hotel-astra.cz\/de\/?s={search_term_string}\"},\"query-input\":{\"@type\":\"PropertyValueSpecification\",\"valueRequired\":true,\"valueName\":\"search_term_string\"}}],\"inLanguage\":\"de-DE\"}]}<\/script>\n<!-- \/ Yoast SEO plugin. -->","yoast_head_json":{"title":"Zusammenarbeit mit dem Chefkoch Dalibor Navr\u00e1til &#8212; Wellness Hotel Astra &#8212;","description":"Wir arbeiten mit dem Chefkoch Dalibor Navr\u00e1til zusammen. Dalibor ist aus der Welt der Spitzen-Gastronomie bekannt. Sein kreativer Ansatz f\u00fcr gesundes und schmackhaftes Kochen passt perfekt zu unserer Philosophie.","robots":{"index":"index","follow":"follow","max-snippet":"max-snippet:-1","max-image-preview":"max-image-preview:large","max-video-preview":"max-video-preview:-1"},"canonical":"https:\/\/www.hotel-astra.cz\/de\/restaurant-und-lobby-bar\/zusammenarbeit-mit-dem-chefkoch-dalibor-navratil\/","og_locale":"de_DE","og_type":"article","og_title":"Zusammenarbeit mit dem Chefkoch Dalibor Navr\u00e1til &#8212; Wellness Hotel Astra &#8212;","og_description":"Wir arbeiten mit dem Chefkoch Dalibor Navr\u00e1til zusammen. Dalibor ist aus der Welt der Spitzen-Gastronomie bekannt. Sein kreativer Ansatz f\u00fcr gesundes und schmackhaftes Kochen passt perfekt zu unserer Philosophie.","og_url":"https:\/\/www.hotel-astra.cz\/de\/restaurant-und-lobby-bar\/zusammenarbeit-mit-dem-chefkoch-dalibor-navratil\/","og_site_name":"Wellness Hotel Astra","article_modified_time":"2025-08-08T10:05:20+00:00","twitter_card":"summary_large_image","schema":{"@context":"https:\/\/schema.org","@graph":[{"@type":"WebPage","@id":"https:\/\/www.hotel-astra.cz\/de\/restaurant-und-lobby-bar\/zusammenarbeit-mit-dem-chefkoch-dalibor-navratil\/","url":"https:\/\/www.hotel-astra.cz\/de\/restaurant-und-lobby-bar\/zusammenarbeit-mit-dem-chefkoch-dalibor-navratil\/","name":"Zusammenarbeit mit dem Chefkoch Dalibor Navr\u00e1til &#8212; Wellness Hotel Astra &#8212;","isPartOf":{"@id":"https:\/\/www.hotel-astra.cz\/de\/#website"},"datePublished":"2025-08-08T07:34:52+00:00","dateModified":"2025-08-08T10:05:20+00:00","description":"Wir arbeiten mit dem Chefkoch Dalibor Navr\u00e1til zusammen. Dalibor ist aus der Welt der Spitzen-Gastronomie bekannt. Sein kreativer Ansatz f\u00fcr gesundes und schmackhaftes Kochen passt perfekt zu unserer Philosophie.","breadcrumb":{"@id":"https:\/\/www.hotel-astra.cz\/de\/restaurant-und-lobby-bar\/zusammenarbeit-mit-dem-chefkoch-dalibor-navratil\/#breadcrumb"},"inLanguage":"de-DE","potentialAction":[{"@type":"ReadAction","target":["https:\/\/www.hotel-astra.cz\/de\/restaurant-und-lobby-bar\/zusammenarbeit-mit-dem-chefkoch-dalibor-navratil\/"]}]},{"@type":"BreadcrumbList","@id":"https:\/\/www.hotel-astra.cz\/de\/restaurant-und-lobby-bar\/zusammenarbeit-mit-dem-chefkoch-dalibor-navratil\/#breadcrumb","itemListElement":[{"@type":"ListItem","position":1,"name":"Home","item":"https:\/\/www.hotel-astra.cz\/de\/"},{"@type":"ListItem","position":2,"name":"Restaurant und Lobby Bar","item":"https:\/\/www.hotel-astra.cz\/de\/restaurant-und-lobby-bar\/"},{"@type":"ListItem","position":3,"name":"Zusammenarbeit mit dem Chefkoch Dalibor Navr\u00e1til"}]},{"@type":"WebSite","@id":"https:\/\/www.hotel-astra.cz\/de\/#website","url":"https:\/\/www.hotel-astra.cz\/de\/","name":"Wellness Hotel Astra","description":"Just another ms.decms.eu site","potentialAction":[{"@type":"SearchAction","target":{"@type":"EntryPoint","urlTemplate":"https:\/\/www.hotel-astra.cz\/de\/?s={search_term_string}"},"query-input":{"@type":"PropertyValueSpecification","valueRequired":true,"valueName":"search_term_string"}}],"inLanguage":"de-DE"}]}},"acf":[],"_links":{"self":[{"href":"https:\/\/www.hotel-astra.cz\/de\/wp-json\/wp\/v2\/pages\/1370","targetHints":{"allow":["GET"]}}],"collection":[{"href":"https:\/\/www.hotel-astra.cz\/de\/wp-json\/wp\/v2\/pages"}],"about":[{"href":"https:\/\/www.hotel-astra.cz\/de\/wp-json\/wp\/v2\/types\/page"}],"author":[{"embeddable":true,"href":"https:\/\/www.hotel-astra.cz\/de\/wp-json\/wp\/v2\/users\/556"}],"replies":[{"embeddable":true,"href":"https:\/\/www.hotel-astra.cz\/de\/wp-json\/wp\/v2\/comments?post=1370"}],"version-history":[{"count":0,"href":"https:\/\/www.hotel-astra.cz\/de\/wp-json\/wp\/v2\/pages\/1370\/revisions"}],"up":[{"embeddable":true,"href":"https:\/\/www.hotel-astra.cz\/de\/wp-json\/wp\/v2\/pages\/365"}],"wp:attachment":[{"href":"https:\/\/www.hotel-astra.cz\/de\/wp-json\/wp\/v2\/media?parent=1370"}],"curies":[{"name":"wp","href":"https:\/\/api.w.org\/{rel}","templated":true}]}}